{"id":4045,"date":"2023-10-05T18:57:30","date_gmt":"2023-10-05T16:57:30","guid":{"rendered":"https:\/\/home2.design.tusitiopro.com\/?page_id=4045"},"modified":"2023-11-22T22:11:23","modified_gmt":"2023-11-22T21:11:23","slug":"politicas-de-tratamientos-de-datos","status":"publish","type":"page","link":"https:\/\/institutotriangulo.edu.co\/website\/politicas-de-tratamientos-de-datos\/","title":{"rendered":"Pol\u00edticas de tratamientos de datos"},"content":{"rendered":"\t\t<div data-elementor-type=\"wp-page\" data-elementor-id=\"4045\" class=\"elementor elementor-4045\">\n\t\t\t\t\t\t<section class=\"elementor-section elementor-top-section elementor-element elementor-element-6b508e5 elementor-section-height-min-height elementor-section-boxed elementor-section-height-default elementor-section-items-middle\" data-id=\"6b508e5\" data-element_type=\"section\" data-settings=\"{&quot;background_background&quot;:&quot;classic&quot;}\">\n\t\t\t\t\t\t\t<div class=\"elementor-background-overlay\"><\/div>\n\t\t\t\t\t\t\t<div class=\"elementor-container elementor-column-gap-default\">\n\t\t\t\t\t<div class=\"elementor-column elementor-col-100 elementor-top-column elementor-element elementor-element-ea9e11b\" data-id=\"ea9e11b\" data-element_type=\"column\" data-settings=\"{&quot;background_background&quot;:&quot;classic&quot;}\">\n\t\t\t<div class=\"elementor-widget-wrap elementor-element-populated\">\n\t\t\t\t\t<div class=\"elementor-background-overlay\"><\/div>\n\t\t\t\t\t\t<div class=\"elementor-element elementor-element-a304c34 elementor-widget elementor-widget-heading\" data-id=\"a304c34\" data-element_type=\"widget\" data-widget_type=\"heading.default\">\n\t\t\t\t<div class=\"elementor-widget-container\">\n\t\t\t\t\t<h2 class=\"elementor-heading-title elementor-size-default\">Pol\u00edticas de tratamientos de datos<\/h2>\t\t\t\t<\/div>\n\t\t\t\t<\/div>\n\t\t\t\t\t<\/div>\n\t\t<\/div>\n\t\t\t\t\t<\/div>\n\t\t<\/section>\n\t\t\t\t<section class=\"elementor-section elementor-top-section elementor-element elementor-element-6fe9b00 elementor-section-height-min-height elementor-section-boxed elementor-section-height-default elementor-section-items-middle\" data-id=\"6fe9b00\" data-element_type=\"section\">\n\t\t\t\t\t\t<div class=\"elementor-container elementor-column-gap-no\">\n\t\t\t\t\t<div class=\"elementor-column elementor-col-100 elementor-top-column elementor-element elementor-element-2175245\" data-id=\"2175245\" data-element_type=\"column\">\n\t\t\t<div class=\"elementor-widget-wrap elementor-element-populated\">\n\t\t\t\t\t\t<section class=\"elementor-section elementor-inner-section elementor-element elementor-element-335581a elementor-section-boxed elementor-section-height-default elementor-section-height-default\" data-id=\"335581a\" data-element_type=\"section\">\n\t\t\t\t\t\t<div class=\"elementor-container elementor-column-gap-default\">\n\t\t\t\t\t<div class=\"elementor-column elementor-col-100 elementor-inner-column elementor-element elementor-element-601c704\" data-id=\"601c704\" data-element_type=\"column\">\n\t\t\t<div class=\"elementor-widget-wrap elementor-element-populated\">\n\t\t\t\t\t\t<div class=\"elementor-element elementor-element-27d4e65 elementor-widget elementor-widget-text-editor\" data-id=\"27d4e65\" data-element_type=\"widget\" data-widget_type=\"text-editor.default\">\n\t\t\t\t<div class=\"elementor-widget-container\">\n\t\t\t\t\t\t\t\t\t<p style=\"font-weight: 300;\">De conformidad con lo previsto en la <strong>Ley Habeas Data 1581 del a\u00f1o 2012<\/strong> \u201cpor la cual se dictan las disposiciones generales para la protecci\u00f3n de datos personales\u201d y el Decreto 1377 del a\u00f1o 2013, que la reglamentan, al seleccionar el bot\u00f3n\u00a0<b><strong>Aceptar<\/strong><\/b>, autoriza al Instituto Tri\u00e1ngulo S.A. confines educativos solicite, conozca, actualice, rectifique y elimine sus datos personales en la base de datos de la instituci\u00f3n, cuando as\u00ed lo estime conveniente.<\/p><p style=\"font-weight: 300;\">El Instituto Tri\u00e1ngulo S.A.\u00a0reitera que como titular de la informaci\u00f3n tienes derecho a conocer, actualizar y rectificar tu informaci\u00f3n personal de las bases de datos de la entidad, as\u00ed como a solicitar prueba y \/ o revocar el consentimiento otorgado para el tratamiento de tus datos personales, esto \u00faltimo, siempre y cuando no mantengas una relaci\u00f3n contractual u obligaci\u00f3n legal vigente con el\u00a0Instituto Tri\u00e1nguloS.A.<\/p><p style=\"font-weight: 300;\">Igualmente, que podr\u00e1s acceder gratuitamente a los datos objeto de tratamiento al menos una vez al mes; todo lo anterior comunic\u00e1ndote al<strong> PBX (601) 2101111 EXT 7,<\/strong> o dirigi\u00e9ndose a la siguiente direcci\u00f3n que corresponde a nuestra sede principal: <strong>av. caracas 67-33<\/strong>, edificio Instituto Triangulo, Bogot\u00e1 D<a href=\"https:\/\/www.google.com\/\">.<\/a>C<a href=\"https:\/\/institutotriangulo.edu.co\/website\/\">.<\/a>\u00a0<\/p>\t\t\t\t\t\t\t\t<\/div>\n\t\t\t\t<\/div>\n\t\t\t\t\t<\/div>\n\t\t<\/div>\n\t\t\t\t\t<\/div>\n\t\t<\/section>\n\t\t\t\t\t<\/div>\n\t\t<\/div>\n\t\t\t\t\t<\/div>\n\t\t<\/section>\n\t\t\t\t<section class=\"elementor-section elementor-top-section elementor-element elementor-element-3f1eafa elementor-section-boxed elementor-section-height-default elementor-section-height-default\" data-id=\"3f1eafa\" data-element_type=\"section\">\n\t\t\t\t\t\t<div class=\"elementor-container elementor-column-gap-default\">\n\t\t\t\t\t<div class=\"elementor-column elementor-col-100 elementor-top-column elementor-element elementor-element-c1294d4\" data-id=\"c1294d4\" data-element_type=\"column\">\n\t\t\t<div class=\"elementor-widget-wrap elementor-element-populated\">\n\t\t\t\t\t\t<div class=\"elementor-element elementor-element-628eff3 elementor-widget elementor-widget-text-editor\" data-id=\"628eff3\" data-element_type=\"widget\" data-widget_type=\"text-editor.default\">\n\t\t\t\t<div class=\"elementor-widget-container\">\n\t\t\t\t\t\t\t\t\t<p>Las pol\u00edticas de tratamientos de datos son las normas que regulan el uso, manejo y protecci\u00f3n de los datos personales de las personas que se relacionan con una entidad. En el caso del Instituto Tri\u00e1ngulo, una instituci\u00f3n educativa que ofrece programas t\u00e9cnicos y tecnol\u00f3gicos en Colombia, estas pol\u00edticas se basan en la Ley Habeas Data 1581 de 2012 y el Decreto 1377 de 2013, que establecen los derechos y deberes de los titulares de la informaci\u00f3n y los responsables del tratamiento de los datos 12. El objetivo y el alcance de las pol\u00edticas de tratamientos de datos del Instituto Tri\u00e1ngulo, que se aplican a todos los datos personales que se recolectan, almacenan, usan, actualizan, rectifican y eliminan en el desarrollo de sus actividades educativas y administrativas.<br \/>Los principios que rigen el tratamiento de los datos personales en el Instituto Tri\u00e1ngulo, como la legalidad, la finalidad, la libertad, la veracidad, la transparencia, el acceso, la seguridad, la confidencialidad y la responsabilidad. Los derechos que tienen los titulares de la informaci\u00f3n, como conocer, actualizar, rectificar, solicitar prueba, revocar el consentimiento y acceder gratuitamente a sus datos personales, as\u00ed como los mecanismos para ejercerlos ante el Instituto Tri\u00e1ngulo. Las obligaciones que tiene el Instituto Tri\u00e1ngulo como responsable del tratamiento de los datos personales, como garantizar el cumplimiento de la ley, solicitar y conservar el consentimiento de los titulares, informar sobre la finalidad y el uso de los datos, adoptar medidas de seguridad, atender las consultas y reclamos, y actualizar y eliminar los datos cuando sea necesario.<\/p>\t\t\t\t\t\t\t\t<\/div>\n\t\t\t\t<\/div>\n\t\t\t\t\t<\/div>\n\t\t<\/div>\n\t\t\t\t\t<\/div>\n\t\t<\/section>\n\t\t\t\t<\/div>\n\t\t","protected":false},"excerpt":{"rendered":"<p>Pol\u00edticas de tratamientos de datos De conformidad con lo previsto en la Ley Habeas Data 1581 del a\u00f1o 2012 \u201cpor la cual se dictan las disposiciones generales para la protecci\u00f3n de datos personales\u201d y el Decreto 1377 del a\u00f1o 2013, que la reglamentan, al seleccionar el bot\u00f3n\u00a0Aceptar, autoriza al Instituto Tri\u00e1ngulo S.A. confines educativos solicite, [&hellip;]<\/p>\n","protected":false},"author":2,"featured_media":0,"parent":0,"menu_order":0,"comment_status":"closed","ping_status":"closed","template":"","meta":{"site-sidebar-layout":"no-sidebar","site-content-layout":"page-builder","ast-site-content-layout":"full-width-container","site-content-style":"unboxed","site-sidebar-style":"unboxed","ast-global-header-display":"","ast-banner-title-visibility":"","ast-main-header-display":"","ast-hfb-above-header-display":"","ast-hfb-below-header-display":"","ast-hfb-mobile-header-display":"","site-post-title":"disabled","ast-breadcrumbs-content":"","ast-featured-img":"disabled","footer-sml-layout":"","theme-transparent-header-meta":"","adv-header-id-meta":"","stick-header-meta":"","header-above-stick-meta":"","header-main-stick-meta":"","header-below-stick-meta":"","astra-migrate-meta-layouts":"set","ast-page-background-enabled":"default","ast-page-background-meta":{"desktop":{"background-color":"var(--ast-global-color-4)","background-image":"","background-repeat":"repeat","background-position":"center center","background-size":"auto","background-attachment":"scroll","background-type":"","background-media":"","overlay-type":"","overlay-color":"","overlay-gradient":""},"tablet":{"background-color":"","background-image":"","background-repeat":"repeat","background-position":"center center","background-size":"auto","background-attachment":"scroll","background-type":"","background-media":"","overlay-type":"","overlay-color":"","overlay-gradient":""},"mobile":{"background-color":"","background-image":"","background-repeat":"repeat","background-position":"center center","background-size":"auto","background-attachment":"scroll","background-type":"","background-media":"","overlay-type":"","overlay-color":"","overlay-gradient":""}},"ast-content-background-meta":{"desktop":{"background-color":"var(--ast-global-color-5)","background-image":"","background-repeat":"repeat","background-position":"center center","background-size":"auto","background-attachment":"scroll","background-type":"","background-media":"","overlay-type":"","overlay-color":"","overlay-gradient":""},"tablet":{"background-color":"var(--ast-global-color-5)","background-image":"","background-repeat":"repeat","background-position":"center center","background-size":"auto","background-attachment":"scroll","background-type":"","background-media":"","overlay-type":"","overlay-color":"","overlay-gradient":""},"mobile":{"background-color":"var(--ast-global-color-5)","background-image":"","background-repeat":"repeat","background-position":"center center","background-size":"auto","background-attachment":"scroll","background-type":"","background-media":"","overlay-type":"","overlay-color":"","overlay-gradient":""}},"footnotes":""},"class_list":["post-4045","page","type-page","status-publish","hentry"],"yoast_head":"<!-- This site is optimized with the Yoast SEO plugin v25.1 - https:\/\/yoast.com\/wordpress\/plugins\/seo\/ -->\n<title>Pol\u00edticas de tratamientos de datos - Instituto Triangulo<\/title>\n<meta name=\"description\" content=\"POL\u00cdTICAS DE TRATAMIENTOS DE DATOS: De conformidad con lo previsto en la Ley Habeas Data 1581 del a\u00f1o 2012 \u201cpor la cual se dictan...\" \/>\n<meta name=\"robots\" content=\"index, follow, max-snippet:-1, max-image-preview:large, max-video-preview:-1\" \/>\n<link rel=\"canonical\" href=\"https:\/\/institutotriangulo.edu.co\/website\/politicas-de-tratamientos-de-datos\/\" \/>\n<meta property=\"og:locale\" content=\"es_ES\" \/>\n<meta property=\"og:type\" content=\"article\" \/>\n<meta property=\"og:title\" content=\"Pol\u00edticas de tratamientos de datos - Instituto Triangulo\" \/>\n<meta property=\"og:description\" content=\"POL\u00cdTICAS DE TRATAMIENTOS DE DATOS: De conformidad con lo previsto en la Ley Habeas Data 1581 del a\u00f1o 2012 \u201cpor la cual se dictan...\" \/>\n<meta property=\"og:url\" content=\"https:\/\/institutotriangulo.edu.co\/website\/politicas-de-tratamientos-de-datos\/\" \/>\n<meta property=\"og:site_name\" content=\"Instituto Triangulo\" \/>\n<meta property=\"article:modified_time\" content=\"2023-11-22T21:11:23+00:00\" \/>\n<meta name=\"twitter:card\" content=\"summary_large_image\" \/>\n<meta name=\"twitter:label1\" content=\"Tiempo de lectura\" \/>\n\t<meta name=\"twitter:data1\" content=\"3 minutos\" \/>\n<!-- \/ Yoast SEO plugin. -->","yoast_head_json":{"title":"Pol\u00edticas de tratamientos de datos - Instituto Triangulo","description":"POL\u00cdTICAS DE TRATAMIENTOS DE DATOS: De conformidad con lo previsto en la Ley Habeas Data 1581 del a\u00f1o 2012 \u201cpor la cual se dictan...","robots":{"index":"index","follow":"follow","max-snippet":"max-snippet:-1","max-image-preview":"max-image-preview:large","max-video-preview":"max-video-preview:-1"},"canonical":"https:\/\/institutotriangulo.edu.co\/website\/politicas-de-tratamientos-de-datos\/","og_locale":"es_ES","og_type":"article","og_title":"Pol\u00edticas de tratamientos de datos - Instituto Triangulo","og_description":"POL\u00cdTICAS DE TRATAMIENTOS DE DATOS: De conformidad con lo previsto en la Ley Habeas Data 1581 del a\u00f1o 2012 \u201cpor la cual se dictan...","og_url":"https:\/\/institutotriangulo.edu.co\/website\/politicas-de-tratamientos-de-datos\/","og_site_name":"Instituto Triangulo","article_modified_time":"2023-11-22T21:11:23+00:00","twitter_card":"summary_large_image","twitter_misc":{"Tiempo de lectura":"3 minutos"},"schema":{"@context":"https:\/\/schema.org","@graph":[{"@type":"WebPage","@id":"https:\/\/institutotriangulo.edu.co\/website\/politicas-de-tratamientos-de-datos\/","url":"https:\/\/institutotriangulo.edu.co\/website\/politicas-de-tratamientos-de-datos\/","name":"Pol\u00edticas de tratamientos de datos - Instituto Triangulo","isPartOf":{"@id":"https:\/\/institutotriangulo.edu.co\/website\/#website"},"datePublished":"2023-10-05T16:57:30+00:00","dateModified":"2023-11-22T21:11:23+00:00","description":"POL\u00cdTICAS DE TRATAMIENTOS DE DATOS: De conformidad con lo previsto en la Ley Habeas Data 1581 del a\u00f1o 2012 \u201cpor la cual se dictan...","breadcrumb":{"@id":"https:\/\/institutotriangulo.edu.co\/website\/politicas-de-tratamientos-de-datos\/#breadcrumb"},"inLanguage":"es","potentialAction":[{"@type":"ReadAction","target":["https:\/\/institutotriangulo.edu.co\/website\/politicas-de-tratamientos-de-datos\/"]}]},{"@type":"BreadcrumbList","@id":"https:\/\/institutotriangulo.edu.co\/website\/politicas-de-tratamientos-de-datos\/#breadcrumb","itemListElement":[{"@type":"ListItem","position":1,"name":"Portada","item":"https:\/\/institutotriangulo.edu.co\/website\/"},{"@type":"ListItem","position":2,"name":"Pol\u00edticas de tratamientos de datos"}]},{"@type":"WebSite","@id":"https:\/\/institutotriangulo.edu.co\/website\/#website","url":"https:\/\/institutotriangulo.edu.co\/website\/","name":"Instituto Triangulo","description":"La Mejor Instituci\u00f3n Educativa de Colombia","potentialAction":[{"@type":"SearchAction","target":{"@type":"EntryPoint","urlTemplate":"https:\/\/institutotriangulo.edu.co\/website\/?s={search_term_string}"},"query-input":{"@type":"PropertyValueSpecification","valueRequired":true,"valueName":"search_term_string"}}],"inLanguage":"es"}]}},"_links":{"self":[{"href":"https:\/\/institutotriangulo.edu.co\/website\/wp-json\/wp\/v2\/pages\/4045","targetHints":{"allow":["GET"]}}],"collection":[{"href":"https:\/\/institutotriangulo.edu.co\/website\/wp-json\/wp\/v2\/pages"}],"about":[{"href":"https:\/\/institutotriangulo.edu.co\/website\/wp-json\/wp\/v2\/types\/page"}],"author":[{"embeddable":true,"href":"https:\/\/institutotriangulo.edu.co\/website\/wp-json\/wp\/v2\/users\/2"}],"replies":[{"embeddable":true,"href":"https:\/\/institutotriangulo.edu.co\/website\/wp-json\/wp\/v2\/comments?post=4045"}],"version-history":[{"count":0,"href":"https:\/\/institutotriangulo.edu.co\/website\/wp-json\/wp\/v2\/pages\/4045\/revisions"}],"wp:attachment":[{"href":"https:\/\/institutotriangulo.edu.co\/website\/wp-json\/wp\/v2\/media?parent=4045"}],"curies":[{"name":"wp","href":"https:\/\/api.w.org\/{rel}","templated":true}]}}