{"id":4193,"date":"2023-10-06T00:37:17","date_gmt":"2023-10-05T22:37:17","guid":{"rendered":"https:\/\/home2.design.tusitiopro.com\/?page_id=4193"},"modified":"2024-10-04T12:07:13","modified_gmt":"2024-10-04T17:07:13","slug":"agencia-de-empleo","status":"publish","type":"page","link":"https:\/\/institutotriangulo.edu.co\/website\/agencia-de-empleo\/","title":{"rendered":"Trabaje con Nosotros"},"content":{"rendered":"\t\t<div data-elementor-type=\"wp-page\" data-elementor-id=\"4193\" class=\"elementor elementor-4193\">\n\t\t\t\t\t\t<section class=\"elementor-section elementor-top-section elementor-element elementor-element-014828c elementor-section-height-min-height elementor-section-boxed elementor-section-height-default elementor-section-items-middle\" data-id=\"014828c\" data-element_type=\"section\" data-settings=\"{&quot;background_background&quot;:&quot;classic&quot;}\">\n\t\t\t\t\t\t\t<div class=\"elementor-background-overlay\"><\/div>\n\t\t\t\t\t\t\t<div class=\"elementor-container elementor-column-gap-default\">\n\t\t\t\t\t<div class=\"elementor-column elementor-col-100 elementor-top-column elementor-element elementor-element-43e9d4b\" data-id=\"43e9d4b\" data-element_type=\"column\" data-settings=\"{&quot;background_background&quot;:&quot;classic&quot;}\">\n\t\t\t<div class=\"elementor-widget-wrap elementor-element-populated\">\n\t\t\t\t\t<div class=\"elementor-background-overlay\"><\/div>\n\t\t\t\t\t\t<div class=\"elementor-element elementor-element-7c0cfc7 elementor-widget elementor-widget-heading\" data-id=\"7c0cfc7\" data-element_type=\"widget\" data-widget_type=\"heading.default\">\n\t\t\t\t<div class=\"elementor-widget-container\">\n\t\t\t\t\t<h2 class=\"elementor-heading-title elementor-size-default\">Agencia de empleo<\/h2>\t\t\t\t<\/div>\n\t\t\t\t<\/div>\n\t\t\t\t\t<\/div>\n\t\t<\/div>\n\t\t\t\t\t<\/div>\n\t\t<\/section>\n\t\t\t\t<section class=\"elementor-section elementor-top-section elementor-element elementor-element-a803f56 elementor-section-height-min-height elementor-section-full_width elementor-section-height-default elementor-section-items-middle\" data-id=\"a803f56\" data-element_type=\"section\" data-settings=\"{&quot;background_background&quot;:&quot;classic&quot;}\">\n\t\t\t\t\t\t<div class=\"elementor-container elementor-column-gap-no\">\n\t\t\t\t\t<div class=\"elementor-column elementor-col-100 elementor-top-column elementor-element elementor-element-656abf3\" data-id=\"656abf3\" data-element_type=\"column\">\n\t\t\t<div class=\"elementor-widget-wrap elementor-element-populated\">\n\t\t\t\t\t\t<div class=\"elementor-element elementor-element-b479b95 elementor-widget elementor-widget-heading\" data-id=\"b479b95\" data-element_type=\"widget\" data-widget_type=\"heading.default\">\n\t\t\t\t<div class=\"elementor-widget-container\">\n\t\t\t\t\t<h2 class=\"elementor-heading-title elementor-size-default\">Reg\u00edstrate para encontrar tu <b style=\"color: rgb(219, 36, 36);\">Vacante<\/b><\/h2>\t\t\t\t<\/div>\n\t\t\t\t<\/div>\n\t\t\t\t<section class=\"elementor-section elementor-inner-section elementor-element elementor-element-84169e9 elementor-section-height-min-height elementor-section-full_width elementor-section-height-default\" data-id=\"84169e9\" data-element_type=\"section\">\n\t\t\t\t\t\t<div class=\"elementor-container elementor-column-gap-default\">\n\t\t\t\t\t<div class=\"elementor-column elementor-col-100 elementor-inner-column elementor-element elementor-element-8e24ced\" data-id=\"8e24ced\" data-element_type=\"column\">\n\t\t\t<div class=\"elementor-widget-wrap elementor-element-populated\">\n\t\t\t\t\t\t<div class=\"elementor-element elementor-element-426ffc9 bdt-navigation-type-none elementor-align-center elementor-widget elementor-widget-bdt-slider\" data-id=\"426ffc9\" data-element_type=\"widget\" data-widget_type=\"bdt-slider.default\">\n\t\t\t\t<div class=\"elementor-widget-container\">\n\t\t\t\t\t\t\t<div id=\"bdt-slider-426ffc9\" class=\"bdt-slider\" data-settings=\"{&quot;autoplay&quot;:{&quot;delay&quot;:5000},&quot;loop&quot;:true,&quot;speed&quot;:500,&quot;effect&quot;:&quot;slide&quot;,&quot;fadeEffect&quot;:{&quot;crossFade&quot;:true},&quot;navigation&quot;:{&quot;nextEl&quot;:&quot;#bdt-slider-426ffc9 .bdt-navigation-next&quot;,&quot;prevEl&quot;:&quot;#bdt-slider-426ffc9 .bdt-navigation-prev&quot;},&quot;pagination&quot;:{&quot;el&quot;:&quot;#bdt-slider-426ffc9 .swiper-pagination&quot;,&quot;type&quot;:&quot;&quot;,&quot;clickable&quot;:&quot;true&quot;,&quot;dynamicBullets&quot;:false},&quot;scrollbar&quot;:{&quot;el&quot;:&quot;#bdt-slider-426ffc9 .swiper-scrollbar&quot;,&quot;hide&quot;:&quot;true&quot;}}\">\n\t\t\t<div class=\"swiper-carousel swiper\" role=\"region\" aria-roledescription=\"carousel\" aria-label=\"Slider\" dir=\"ltr\">\n\t\t\t\t\t\t<div class=\"swiper-wrapper\">\n\t\t\t\t\t<div class=\"bdt-slide-item swiper-slide bdt-slide-effect-left\">\n\n\t\t\t\t\n\t\t\t\t\t\t\t\t\t\t\t<div class=\"bdt-slider-image-wrapper\">\n\t\t\t\t\t\t\t<img fetchpriority=\"high\" decoding=\"async\" width=\"1185\" height=\"500\" src=\"https:\/\/institutotriangulo.edu.co\/website\/wp-content\/uploads\/2024\/10\/vacantes_b_1018x500.png\" class=\"bdt-cover\" alt=\"\" data-bdt-cover=\"1\" srcset=\"https:\/\/institutotriangulo.edu.co\/website\/wp-content\/uploads\/2024\/10\/vacantes_b_1018x500.png 1185w, https:\/\/institutotriangulo.edu.co\/website\/wp-content\/uploads\/2024\/10\/vacantes_b_1018x500-300x127.png 300w, https:\/\/institutotriangulo.edu.co\/website\/wp-content\/uploads\/2024\/10\/vacantes_b_1018x500-1024x432.png 1024w, https:\/\/institutotriangulo.edu.co\/website\/wp-content\/uploads\/2024\/10\/vacantes_b_1018x500-768x324.png 768w\" sizes=\"(max-width: 1185px) 100vw, 1185px\" \/>\t\t\t\t\t\t<\/div>\n\t\t\t\t\t\n\t\t\t\t\t<div class=\"bdt-slide-desc bdt-position-large bdt-position-center bdt-position-z-index\">\n\n\t\t\t\t\t\t\n\t\t\t\t\t\t\n\t\t\t\t\t\t\t\t\t\t\t<\/div>\n\n\t\t\t\t\n\t\t\t<\/div>\n\t\t\t\t\t\t<div class=\"bdt-slide-item swiper-slide bdt-slide-effect-left\">\n\n\t\t\t\t\n\t\t\t\t\t\t\t\t\t\t\t<div class=\"bdt-slider-image-wrapper\">\n\t\t\t\t\t\t\t<img decoding=\"async\" width=\"1185\" height=\"500\" src=\"https:\/\/institutotriangulo.edu.co\/website\/wp-content\/uploads\/2024\/10\/vacantes_a_1018x500.png\" class=\"bdt-cover\" alt=\"\" data-bdt-cover=\"1\" srcset=\"https:\/\/institutotriangulo.edu.co\/website\/wp-content\/uploads\/2024\/10\/vacantes_a_1018x500.png 1185w, https:\/\/institutotriangulo.edu.co\/website\/wp-content\/uploads\/2024\/10\/vacantes_a_1018x500-300x127.png 300w, https:\/\/institutotriangulo.edu.co\/website\/wp-content\/uploads\/2024\/10\/vacantes_a_1018x500-1024x432.png 1024w, https:\/\/institutotriangulo.edu.co\/website\/wp-content\/uploads\/2024\/10\/vacantes_a_1018x500-768x324.png 768w\" sizes=\"(max-width: 1185px) 100vw, 1185px\" \/>\t\t\t\t\t\t<\/div>\n\t\t\t\t\t\n\t\t\t\t\t<div class=\"bdt-slide-desc bdt-position-large bdt-position-center bdt-position-z-index\">\n\n\t\t\t\t\t\t\n\t\t\t\t\t\t\n\t\t\t\t\t\t\t\t\t\t\t<\/div>\n\n\t\t\t\t\n\t\t\t<\/div>\n\t\t\t\t\t<\/div>\n\t\t\t\t<\/div>\n\n\t\t\t\t<\/div>\n\t\t\t\t\t\t<\/div>\n\t\t\t\t<\/div>\n\t\t\t\t\t<\/div>\n\t\t<\/div>\n\t\t\t\t\t<\/div>\n\t\t<\/section>\n\t\t\t\t\t<\/div>\n\t\t<\/div>\n\t\t\t\t\t<\/div>\n\t\t<\/section>\n\t\t\t\t<section class=\"elementor-section elementor-top-section elementor-element elementor-element-cbf332f elementor-section-boxed elementor-section-height-default elementor-section-height-default\" data-id=\"cbf332f\" data-element_type=\"section\">\n\t\t\t\t\t\t<div class=\"elementor-container elementor-column-gap-default\">\n\t\t\t\t\t<div class=\"elementor-column elementor-col-100 elementor-top-column elementor-element elementor-element-26862c3\" data-id=\"26862c3\" data-element_type=\"column\">\n\t\t\t<div class=\"elementor-widget-wrap elementor-element-populated\">\n\t\t\t\t\t\t<div class=\"elementor-element elementor-element-e1b0015 elementor-widget elementor-widget-heading\" data-id=\"e1b0015\" data-element_type=\"widget\" data-widget_type=\"heading.default\">\n\t\t\t\t<div class=\"elementor-widget-container\">\n\t\t\t\t\t<h2 class=\"elementor-heading-title elementor-size-default\">Mantente actualizado con las \u00faltimas   <span style=\"color:#DB2424;\"> <b>oportunidades <\/b><\/span>   y da el siguiente paso en tu trayectoria profesional con el Instituto Tri\u00e1ngulo.<\/h2>\t\t\t\t<\/div>\n\t\t\t\t<\/div>\n\t\t\t\t<div class=\"elementor-element elementor-element-7ce1647 elementor-widget elementor-widget-text-editor\" data-id=\"7ce1647\" data-element_type=\"widget\" data-widget_type=\"text-editor.default\">\n\t\t\t\t<div class=\"elementor-widget-container\">\n\t\t\t\t\t\t\t\t\t<p>En la Agencia de Empleo del Instituto Tri\u00e1ngulo, nos enorgullece ser el puente entre nuestros talentosos egresados y emocionantes oportunidades laborales en Colombia. En esta secci\u00f3n encontrar\u00e1s una amplia gama de vacantes de empleo tanto en empresas asociadas como en oportunidades laborales directamente con el instituto.<\/p><p>Ofrecemos a nuestros egresados la posibilidad de avanzar en sus carreras profesionales, brind\u00e1ndoles acceso a empleos que se adaptan a sus habilidades y aspiraciones. Nuestra red de empresas colaboradoras conf\u00eda en la calidad de la formaci\u00f3n que ofrecemos, lo que se traduce en oportunidades emocionantes para nuestros talentosos egresados<a href=\"https:\/\/institutotriangulo.edu.co\/website\/\">.<\/a><\/p>\t\t\t\t\t\t\t\t<\/div>\n\t\t\t\t<\/div>\n\t\t\t\t<div class=\"elementor-element elementor-element-f9e179f elementor-align-center elementor-widget elementor-widget-button\" data-id=\"f9e179f\" data-element_type=\"widget\" data-widget_type=\"button.default\">\n\t\t\t\t<div class=\"elementor-widget-container\">\n\t\t\t\t\t\t\t\t\t<div class=\"elementor-button-wrapper\">\n\t\t\t\t\t<a class=\"elementor-button elementor-button-link elementor-size-sm\" href=\"https:\/\/institutotriangulo.q10.com\/SolicitudesInstitucionales\/NuevaSolicitud\">\n\t\t\t\t\t\t<span class=\"elementor-button-content-wrapper\">\n\t\t\t\t\t\t\t\t\t<span class=\"elementor-button-text\">Registrar hoja de Vida <\/span>\n\t\t\t\t\t<\/span>\n\t\t\t\t\t<\/a>\n\t\t\t\t<\/div>\n\t\t\t\t\t\t\t\t<\/div>\n\t\t\t\t<\/div>\n\t\t\t\t\t<\/div>\n\t\t<\/div>\n\t\t\t\t\t<\/div>\n\t\t<\/section>\n\t\t\t\t<section class=\"elementor-section elementor-top-section elementor-element elementor-element-0572234 elementor-section-boxed elementor-section-height-default elementor-section-height-default\" data-id=\"0572234\" data-element_type=\"section\" data-settings=\"{&quot;background_background&quot;:&quot;classic&quot;}\">\n\t\t\t\t\t\t<div class=\"elementor-container elementor-column-gap-default\">\n\t\t\t\t\t<div class=\"elementor-column elementor-col-100 elementor-top-column elementor-element elementor-element-5484bfd\" data-id=\"5484bfd\" data-element_type=\"column\" data-settings=\"{&quot;background_background&quot;:&quot;gradient&quot;}\">\n\t\t\t<div class=\"elementor-widget-wrap elementor-element-populated\">\n\t\t\t\t\t\t<section class=\"elementor-section elementor-inner-section elementor-element elementor-element-91ad718 elementor-section-boxed elementor-section-height-default elementor-section-height-default\" data-id=\"91ad718\" data-element_type=\"section\" data-settings=\"{&quot;background_background&quot;:&quot;classic&quot;}\">\n\t\t\t\t\t\t<div class=\"elementor-container elementor-column-gap-default\">\n\t\t\t\t\t<div class=\"elementor-column elementor-col-50 elementor-inner-column elementor-element elementor-element-e04f184\" data-id=\"e04f184\" data-element_type=\"column\">\n\t\t\t<div class=\"elementor-widget-wrap elementor-element-populated\">\n\t\t\t\t\t\t<div class=\"elementor-element elementor-element-b3e3c38 elementor-widget-tablet_extra__width-initial elementor-widget elementor-widget-heading\" data-id=\"b3e3c38\" data-element_type=\"widget\" data-widget_type=\"heading.default\">\n\t\t\t\t<div class=\"elementor-widget-container\">\n\t\t\t\t\t<h2 class=\"elementor-heading-title elementor-size-default\">S\u00edguenos en nuestra redes sociales<\/h2>\t\t\t\t<\/div>\n\t\t\t\t<\/div>\n\t\t\t\t\t<\/div>\n\t\t<\/div>\n\t\t\t\t<div class=\"elementor-column elementor-col-50 elementor-inner-column elementor-element elementor-element-ec1e617\" data-id=\"ec1e617\" data-element_type=\"column\">\n\t\t\t<div class=\"elementor-widget-wrap elementor-element-populated\">\n\t\t\t\t\t\t<div class=\"elementor-element elementor-element-e58ccf7 elementor-shape-rounded elementor-grid-0 e-grid-align-center elementor-widget elementor-widget-social-icons\" data-id=\"e58ccf7\" data-element_type=\"widget\" data-widget_type=\"social-icons.default\">\n\t\t\t\t<div class=\"elementor-widget-container\">\n\t\t\t\t\t\t\t<div class=\"elementor-social-icons-wrapper elementor-grid\" role=\"list\">\n\t\t\t\t\t\t\t<span class=\"elementor-grid-item\" role=\"listitem\">\n\t\t\t\t\t<a class=\"elementor-icon elementor-social-icon elementor-social-icon-facebook elementor-animation-grow elementor-repeater-item-5ae793c\" href=\"https:\/\/web.facebook.com\/itriangulo\/\" target=\"_blank\">\n\t\t\t\t\t\t<span class=\"elementor-screen-only\">Facebook<\/span>\n\t\t\t\t\t\t<i class=\"fab fa-facebook\"><\/i>\t\t\t\t\t<\/a>\n\t\t\t\t<\/span>\n\t\t\t\t\t\t\t<span class=\"elementor-grid-item\" role=\"listitem\">\n\t\t\t\t\t<a class=\"elementor-icon elementor-social-icon elementor-social-icon-twitter elementor-animation-grow elementor-repeater-item-985c4cd\" href=\"https:\/\/twitter.com\/iTriangulo\" target=\"_blank\">\n\t\t\t\t\t\t<span class=\"elementor-screen-only\">Twitter<\/span>\n\t\t\t\t\t\t<i class=\"fab fa-twitter\"><\/i>\t\t\t\t\t<\/a>\n\t\t\t\t<\/span>\n\t\t\t\t\t\t\t<span class=\"elementor-grid-item\" role=\"listitem\">\n\t\t\t\t\t<a class=\"elementor-icon elementor-social-icon elementor-social-icon-instagram elementor-animation-grow elementor-repeater-item-06441ed\" href=\"https:\/\/www.instagram.com\/instituto.triangulo42\/\" target=\"_blank\">\n\t\t\t\t\t\t<span class=\"elementor-screen-only\">Instagram<\/span>\n\t\t\t\t\t\t<i class=\"fab fa-instagram\"><\/i>\t\t\t\t\t<\/a>\n\t\t\t\t<\/span>\n\t\t\t\t\t\t\t<span class=\"elementor-grid-item\" role=\"listitem\">\n\t\t\t\t\t<a class=\"elementor-icon elementor-social-icon elementor-social-icon-tiktok elementor-animation-grow elementor-repeater-item-91bc429\" href=\"https:\/\/www.tiktok.com\/@instituto_triangulo\" target=\"_blank\">\n\t\t\t\t\t\t<span class=\"elementor-screen-only\">Tiktok<\/span>\n\t\t\t\t\t\t<i class=\"fab fa-tiktok\"><\/i>\t\t\t\t\t<\/a>\n\t\t\t\t<\/span>\n\t\t\t\t\t\t\t<span class=\"elementor-grid-item\" role=\"listitem\">\n\t\t\t\t\t<a class=\"elementor-icon elementor-social-icon elementor-social-icon-youtube elementor-animation-grow elementor-repeater-item-7d64377\" href=\"https:\/\/www.youtube.com\/@institutotriangulo40\" target=\"_blank\">\n\t\t\t\t\t\t<span class=\"elementor-screen-only\">Youtube<\/span>\n\t\t\t\t\t\t<i class=\"fab fa-youtube\"><\/i>\t\t\t\t\t<\/a>\n\t\t\t\t<\/span>\n\t\t\t\t\t<\/div>\n\t\t\t\t\t\t<\/div>\n\t\t\t\t<\/div>\n\t\t\t\t\t<\/div>\n\t\t<\/div>\n\t\t\t\t\t<\/div>\n\t\t<\/section>\n\t\t\t\t\t<\/div>\n\t\t<\/div>\n\t\t\t\t\t<\/div>\n\t\t<\/section>\n\t\t\t\t<section class=\"elementor-section elementor-top-section elementor-element elementor-element-398571f elementor-section-boxed elementor-section-height-default elementor-section-height-default\" data-id=\"398571f\" data-element_type=\"section\">\n\t\t\t\t\t\t<div class=\"elementor-container elementor-column-gap-default\">\n\t\t\t\t\t<div class=\"elementor-column elementor-col-100 elementor-top-column elementor-element elementor-element-0ba9b39\" data-id=\"0ba9b39\" data-element_type=\"column\">\n\t\t\t<div class=\"elementor-widget-wrap elementor-element-populated\">\n\t\t\t\t\t\t<div class=\"elementor-element elementor-element-17f87be elementor-widget elementor-widget-text-editor\" data-id=\"17f87be\" data-element_type=\"widget\" data-widget_type=\"text-editor.default\">\n\t\t\t\t<div class=\"elementor-widget-container\">\n\t\t\t\t\t\t\t\t\t<p>La agencia de empleo del Instituto Tri\u00e1ngulo es un servicio que brinda la instituci\u00f3n educativa a sus egresados para facilitar su inserci\u00f3n laboral. A trav\u00e9s de esta agencia, los egresados pueden acceder a una variedad de ofertas de trabajo tanto en empresas asociadas como en el propio instituto. La agencia de empleo del Instituto Tri\u00e1ngulo cuenta con una plataforma en l\u00ednea donde los egresados pueden registrar su hoja de vida, consultar las vacantes disponibles y postularse a las que se ajusten a su perfil. Adem\u00e1s, la agencia ofrece orientaci\u00f3n laboral, talleres de empleabilidad y seguimiento a los egresados.<\/p><p>El objetivo de la agencia de empleo del Instituto Tri\u00e1ngulo es ser el puente entre los talentosos egresados y las oportunidades laborales que demanda el mercado. De esta manera, la instituci\u00f3n cumple con su compromiso de formar t\u00e9cnicos laborales competentes y contribuir al desarrollo econ\u00f3mico y social del pa\u00eds<\/p>\t\t\t\t\t\t\t\t<\/div>\n\t\t\t\t<\/div>\n\t\t\t\t\t<\/div>\n\t\t<\/div>\n\t\t\t\t\t<\/div>\n\t\t<\/section>\n\t\t\t\t<\/div>\n\t\t","protected":false},"excerpt":{"rendered":"<p>Agencia de empleo Reg\u00edstrate para encontrar tu Vacante Mantente actualizado con las \u00faltimas oportunidades y da el siguiente paso en tu trayectoria profesional con el Instituto Tri\u00e1ngulo. En la Agencia de Empleo del Instituto Tri\u00e1ngulo, nos enorgullece ser el puente entre nuestros talentosos egresados y emocionantes oportunidades laborales en Colombia. En esta secci\u00f3n encontrar\u00e1s una [&hellip;]<\/p>\n","protected":false},"author":2,"featured_media":0,"parent":0,"menu_order":0,"comment_status":"closed","ping_status":"closed","template":"","meta":{"site-sidebar-layout":"no-sidebar","site-content-layout":"page-builder","ast-site-content-layout":"full-width-container","site-content-style":"unboxed","site-sidebar-style":"unboxed","ast-global-header-display":"","ast-banner-title-visibility":"","ast-main-header-display":"","ast-hfb-above-header-display":"","ast-hfb-below-header-display":"","ast-hfb-mobile-header-display":"","site-post-title":"disabled","ast-breadcrumbs-content":"","ast-featured-img":"disabled","footer-sml-layout":"","theme-transparent-header-meta":"","adv-header-id-meta":"","stick-header-meta":"","header-above-stick-meta":"","header-main-stick-meta":"","header-below-stick-meta":"","astra-migrate-meta-layouts":"set","ast-page-background-enabled":"default","ast-page-background-meta":{"desktop":{"background-color":"var(--ast-global-color-4)","background-image":"","background-repeat":"repeat","background-position":"center center","background-size":"auto","background-attachment":"scroll","background-type":"","background-media":"","overlay-type":"","overlay-color":"","overlay-gradient":""},"tablet":{"background-color":"","background-image":"","background-repeat":"repeat","background-position":"center center","background-size":"auto","background-attachment":"scroll","background-type":"","background-media":"","overlay-type":"","overlay-color":"","overlay-gradient":""},"mobile":{"background-color":"","background-image":"","background-repeat":"repeat","background-position":"center center","background-size":"auto","background-attachment":"scroll","background-type":"","background-media":"","overlay-type":"","overlay-color":"","overlay-gradient":""}},"ast-content-background-meta":{"desktop":{"background-color":"var(--ast-global-color-5)","background-image":"","background-repeat":"repeat","background-position":"center center","background-size":"auto","background-attachment":"scroll","background-type":"","background-media":"","overlay-type":"","overlay-color":"","overlay-gradient":""},"tablet":{"background-color":"var(--ast-global-color-5)","background-image":"","background-repeat":"repeat","background-position":"center center","background-size":"auto","background-attachment":"scroll","background-type":"","background-media":"","overlay-type":"","overlay-color":"","overlay-gradient":""},"mobile":{"background-color":"var(--ast-global-color-5)","background-image":"","background-repeat":"repeat","background-position":"center center","background-size":"auto","background-attachment":"scroll","background-type":"","background-media":"","overlay-type":"","overlay-color":"","overlay-gradient":""}},"footnotes":""},"class_list":["post-4193","page","type-page","status-publish","hentry"],"yoast_head":"<!-- This site is optimized with the Yoast SEO plugin v25.1 - https:\/\/yoast.com\/wordpress\/plugins\/seo\/ -->\n<title>Trabaje con Nosotros - Instituto Triangulo<\/title>\n<meta name=\"description\" content=\"En la Agencia de Empleo del Instituto Tri\u00e1ngulo, nos enorgullece ser el puente entre nuestros talentosos egresados y emocionantes...\" \/>\n<meta name=\"robots\" content=\"index, follow, max-snippet:-1, max-image-preview:large, max-video-preview:-1\" \/>\n<link rel=\"canonical\" href=\"https:\/\/institutotriangulo.edu.co\/website\/agencia-de-empleo\/\" \/>\n<meta property=\"og:locale\" content=\"es_ES\" \/>\n<meta property=\"og:type\" content=\"article\" \/>\n<meta property=\"og:title\" content=\"Trabaje con Nosotros - Instituto Triangulo\" \/>\n<meta property=\"og:description\" content=\"En la Agencia de Empleo del Instituto Tri\u00e1ngulo, nos enorgullece ser el puente entre nuestros talentosos egresados y emocionantes...\" \/>\n<meta property=\"og:url\" content=\"https:\/\/institutotriangulo.edu.co\/website\/agencia-de-empleo\/\" \/>\n<meta property=\"og:site_name\" content=\"Instituto Triangulo\" \/>\n<meta property=\"article:modified_time\" content=\"2024-10-04T17:07:13+00:00\" \/>\n<meta property=\"og:image\" content=\"https:\/\/institutotriangulo.edu.co\/website\/wp-content\/uploads\/2024\/10\/vacantes_b_1018x500.png\" \/>\n<meta name=\"twitter:card\" content=\"summary_large_image\" \/>\n<meta name=\"twitter:label1\" content=\"Tiempo de lectura\" \/>\n\t<meta name=\"twitter:data1\" content=\"3 minutos\" \/>\n<!-- \/ Yoast SEO plugin. -->","yoast_head_json":{"title":"Trabaje con Nosotros - Instituto Triangulo","description":"En la Agencia de Empleo del Instituto Tri\u00e1ngulo, nos enorgullece ser el puente entre nuestros talentosos egresados y emocionantes...","robots":{"index":"index","follow":"follow","max-snippet":"max-snippet:-1","max-image-preview":"max-image-preview:large","max-video-preview":"max-video-preview:-1"},"canonical":"https:\/\/institutotriangulo.edu.co\/website\/agencia-de-empleo\/","og_locale":"es_ES","og_type":"article","og_title":"Trabaje con Nosotros - Instituto Triangulo","og_description":"En la Agencia de Empleo del Instituto Tri\u00e1ngulo, nos enorgullece ser el puente entre nuestros talentosos egresados y emocionantes...","og_url":"https:\/\/institutotriangulo.edu.co\/website\/agencia-de-empleo\/","og_site_name":"Instituto Triangulo","article_modified_time":"2024-10-04T17:07:13+00:00","og_image":[{"url":"https:\/\/institutotriangulo.edu.co\/website\/wp-content\/uploads\/2024\/10\/vacantes_b_1018x500.png","type":"","width":"","height":""}],"twitter_card":"summary_large_image","twitter_misc":{"Tiempo de lectura":"3 minutos"},"schema":{"@context":"https:\/\/schema.org","@graph":[{"@type":"WebPage","@id":"https:\/\/institutotriangulo.edu.co\/website\/agencia-de-empleo\/","url":"https:\/\/institutotriangulo.edu.co\/website\/agencia-de-empleo\/","name":"Trabaje con Nosotros - Instituto Triangulo","isPartOf":{"@id":"https:\/\/institutotriangulo.edu.co\/website\/#website"},"primaryImageOfPage":{"@id":"https:\/\/institutotriangulo.edu.co\/website\/agencia-de-empleo\/#primaryimage"},"image":{"@id":"https:\/\/institutotriangulo.edu.co\/website\/agencia-de-empleo\/#primaryimage"},"thumbnailUrl":"https:\/\/institutotriangulo.edu.co\/website\/wp-content\/uploads\/2024\/10\/vacantes_b_1018x500.png","datePublished":"2023-10-05T22:37:17+00:00","dateModified":"2024-10-04T17:07:13+00:00","description":"En la Agencia de Empleo del Instituto Tri\u00e1ngulo, nos enorgullece ser el puente entre nuestros talentosos egresados y emocionantes...","breadcrumb":{"@id":"https:\/\/institutotriangulo.edu.co\/website\/agencia-de-empleo\/#breadcrumb"},"inLanguage":"es","potentialAction":[{"@type":"ReadAction","target":["https:\/\/institutotriangulo.edu.co\/website\/agencia-de-empleo\/"]}]},{"@type":"ImageObject","inLanguage":"es","@id":"https:\/\/institutotriangulo.edu.co\/website\/agencia-de-empleo\/#primaryimage","url":"https:\/\/institutotriangulo.edu.co\/website\/wp-content\/uploads\/2024\/10\/vacantes_b_1018x500.png","contentUrl":"https:\/\/institutotriangulo.edu.co\/website\/wp-content\/uploads\/2024\/10\/vacantes_b_1018x500.png","width":1185,"height":500},{"@type":"BreadcrumbList","@id":"https:\/\/institutotriangulo.edu.co\/website\/agencia-de-empleo\/#breadcrumb","itemListElement":[{"@type":"ListItem","position":1,"name":"Portada","item":"https:\/\/institutotriangulo.edu.co\/website\/"},{"@type":"ListItem","position":2,"name":"Trabaje con Nosotros"}]},{"@type":"WebSite","@id":"https:\/\/institutotriangulo.edu.co\/website\/#website","url":"https:\/\/institutotriangulo.edu.co\/website\/","name":"Instituto Triangulo","description":"La Mejor Instituci\u00f3n Educativa de Colombia","potentialAction":[{"@type":"SearchAction","target":{"@type":"EntryPoint","urlTemplate":"https:\/\/institutotriangulo.edu.co\/website\/?s={search_term_string}"},"query-input":{"@type":"PropertyValueSpecification","valueRequired":true,"valueName":"search_term_string"}}],"inLanguage":"es"}]}},"_links":{"self":[{"href":"https:\/\/institutotriangulo.edu.co\/website\/wp-json\/wp\/v2\/pages\/4193","targetHints":{"allow":["GET"]}}],"collection":[{"href":"https:\/\/institutotriangulo.edu.co\/website\/wp-json\/wp\/v2\/pages"}],"about":[{"href":"https:\/\/institutotriangulo.edu.co\/website\/wp-json\/wp\/v2\/types\/page"}],"author":[{"embeddable":true,"href":"https:\/\/institutotriangulo.edu.co\/website\/wp-json\/wp\/v2\/users\/2"}],"replies":[{"embeddable":true,"href":"https:\/\/institutotriangulo.edu.co\/website\/wp-json\/wp\/v2\/comments?post=4193"}],"version-history":[{"count":0,"href":"https:\/\/institutotriangulo.edu.co\/website\/wp-json\/wp\/v2\/pages\/4193\/revisions"}],"wp:attachment":[{"href":"https:\/\/institutotriangulo.edu.co\/website\/wp-json\/wp\/v2\/media?parent=4193"}],"curies":[{"name":"wp","href":"https:\/\/api.w.org\/{rel}","templated":true}]}}