{"id":4214,"date":"2023-10-06T01:13:13","date_gmt":"2023-10-05T23:13:13","guid":{"rendered":"https:\/\/home2.design.tusitiopro.com\/?page_id=4214"},"modified":"2023-11-10T21:49:12","modified_gmt":"2023-11-10T20:49:12","slug":"biblioteca-virtual","status":"publish","type":"page","link":"https:\/\/institutotriangulo.edu.co\/website\/biblioteca-virtual\/","title":{"rendered":"Biblioteca Instituto"},"content":{"rendered":"\t\t<div data-elementor-type=\"wp-page\" data-elementor-id=\"4214\" class=\"elementor elementor-4214\">\n\t\t\t\t\t\t<section class=\"elementor-section elementor-top-section elementor-element elementor-element-014828c elementor-section-height-min-height elementor-section-boxed elementor-section-height-default elementor-section-items-middle\" data-id=\"014828c\" data-element_type=\"section\" data-settings=\"{&quot;background_background&quot;:&quot;classic&quot;}\">\n\t\t\t\t\t\t\t<div class=\"elementor-background-overlay\"><\/div>\n\t\t\t\t\t\t\t<div class=\"elementor-container elementor-column-gap-default\">\n\t\t\t\t\t<div class=\"elementor-column elementor-col-100 elementor-top-column elementor-element elementor-element-43e9d4b\" data-id=\"43e9d4b\" data-element_type=\"column\" data-settings=\"{&quot;background_background&quot;:&quot;classic&quot;}\">\n\t\t\t<div class=\"elementor-widget-wrap elementor-element-populated\">\n\t\t\t\t\t<div class=\"elementor-background-overlay\"><\/div>\n\t\t\t\t\t\t<div class=\"elementor-element elementor-element-7c0cfc7 elementor-widget elementor-widget-heading\" data-id=\"7c0cfc7\" data-element_type=\"widget\" data-widget_type=\"heading.default\">\n\t\t\t\t<div class=\"elementor-widget-container\">\n\t\t\t\t\t<h2 class=\"elementor-heading-title elementor-size-default\">Bibliotecas virtuales<\/h2>\t\t\t\t<\/div>\n\t\t\t\t<\/div>\n\t\t\t\t\t<\/div>\n\t\t<\/div>\n\t\t\t\t\t<\/div>\n\t\t<\/section>\n\t\t\t\t<section class=\"elementor-section elementor-top-section elementor-element elementor-element-e95e03f elementor-section-height-min-height elementor-section-boxed elementor-section-height-default elementor-section-items-middle\" data-id=\"e95e03f\" data-element_type=\"section\">\n\t\t\t\t\t\t<div class=\"elementor-container elementor-column-gap-default\">\n\t\t\t\t\t<div class=\"elementor-column elementor-col-100 elementor-top-column elementor-element elementor-element-72664d6\" data-id=\"72664d6\" data-element_type=\"column\">\n\t\t\t<div class=\"elementor-widget-wrap elementor-element-populated\">\n\t\t\t\t\t\t<div class=\"elementor-element elementor-element-f3ed2de elementor-widget elementor-widget-heading\" data-id=\"f3ed2de\" data-element_type=\"widget\" data-widget_type=\"heading.default\">\n\t\t\t\t<div class=\"elementor-widget-container\">\n\t\t\t\t\t<h2 class=\"elementor-heading-title elementor-size-default\">\u00a1Explora, descubre y sum\u00e9rgete en el vasto universo del conocimiento a trav\u00e9s de nuestras Bibliotecas Virtuales en<span style=\"color:#DB2424;\"> <b>Instituto Tri\u00e1ngulo  <\/b><\/span> <\/h2>\t\t\t\t<\/div>\n\t\t\t\t<\/div>\n\t\t\t\t<div class=\"elementor-element elementor-element-23cb825 elementor-widget elementor-widget-text-editor\" data-id=\"23cb825\" data-element_type=\"widget\" data-widget_type=\"text-editor.default\">\n\t\t\t\t<div class=\"elementor-widget-container\">\n\t\t\t\t\t\t\t\t\t<p>En Instituto Tri\u00e1ngulo, creemos que el conocimiento es la clave para un futuro brillante. Por eso, hemos creado un acceso f\u00e1cil y r\u00e1pido a nuestras Bibliotecas Virtuales, donde la informaci\u00f3n y el aprendizaje est\u00e1n al alcance de un clic.<\/p>\n<p>Navega por nuestras bibliotecas virtuales y descubre una amplia variedad de materiales que te ayudar\u00e1n a investigar, profundizar y enriquecer tus conocimientos en cualquier materia que desees explorar. Sea cual sea tu \u00e1rea de inter\u00e9s, estamos aqu\u00ed para impulsar tu sed de aprendizaje y ayudarte a alcanzar tus metas educativas<a href=\"https:\/\/institutotriangulo.edu.co\/\" target=\"_blank\">.<\/a><\/p>\t\t\t\t\t\t\t\t<\/div>\n\t\t\t\t<\/div>\n\t\t\t\t<div class=\"elementor-element elementor-element-db46b5b elementor-widget elementor-widget-heading\" data-id=\"db46b5b\" data-element_type=\"widget\" data-widget_type=\"heading.default\">\n\t\t\t\t<div class=\"elementor-widget-container\">\n\t\t\t\t\t<h2 class=\"elementor-heading-title elementor-size-default\"> ! Tu viaje hacia el aprendizaje continuo comienza aqu\u00ed.<\/h2>\t\t\t\t<\/div>\n\t\t\t\t<\/div>\n\t\t\t\t<section class=\"elementor-section elementor-inner-section elementor-element elementor-element-7ebb824 elementor-section-boxed elementor-section-height-default elementor-section-height-default\" data-id=\"7ebb824\" data-element_type=\"section\">\n\t\t\t\t\t\t<div class=\"elementor-container elementor-column-gap-default\">\n\t\t\t\t\t<div class=\"elementor-column elementor-col-33 elementor-inner-column elementor-element elementor-element-1465d2f\" data-id=\"1465d2f\" data-element_type=\"column\">\n\t\t\t<div class=\"elementor-widget-wrap elementor-element-populated\">\n\t\t\t\t\t\t<div class=\"elementor-element elementor-element-61ec883 elementor-position-top elementor-widget elementor-widget-image-box\" data-id=\"61ec883\" data-element_type=\"widget\" data-widget_type=\"image-box.default\">\n\t\t\t\t<div class=\"elementor-widget-container\">\n\t\t\t\t\t<div class=\"elementor-image-box-wrapper\"><figure class=\"elementor-image-box-img\"><a href=\"https:\/\/www.bibliotecadigitaldebogota.gov.co\/\" target=\"_blank\" tabindex=\"-1\"><img fetchpriority=\"high\" decoding=\"async\" width=\"300\" height=\"300\" src=\"https:\/\/institutotriangulo.edu.co\/website\/wp-content\/uploads\/2023\/10\/biblioteca-3.png\" class=\"elementor-animation-grow attachment-full size-full wp-image-4224\" alt=\"\" srcset=\"https:\/\/institutotriangulo.edu.co\/website\/wp-content\/uploads\/2023\/10\/biblioteca-3.png 300w, https:\/\/institutotriangulo.edu.co\/website\/wp-content\/uploads\/2023\/10\/biblioteca-3-150x150.png 150w\" sizes=\"(max-width: 300px) 100vw, 300px\" \/><\/a><\/figure><div class=\"elementor-image-box-content\"><h3 class=\"elementor-image-box-title\"><a href=\"https:\/\/www.bibliotecadigitaldebogota.gov.co\/\" target=\"_blank\">Biblioteca virtual <\/a><\/h3><p class=\"elementor-image-box-description\">Mundial <\/p><\/div><\/div>\t\t\t\t<\/div>\n\t\t\t\t<\/div>\n\t\t\t\t\t<\/div>\n\t\t<\/div>\n\t\t\t\t<div class=\"elementor-column elementor-col-33 elementor-inner-column elementor-element elementor-element-fa8794d\" data-id=\"fa8794d\" data-element_type=\"column\">\n\t\t\t<div class=\"elementor-widget-wrap elementor-element-populated\">\n\t\t\t\t\t\t<div class=\"elementor-element elementor-element-d3bea6a elementor-position-top elementor-widget elementor-widget-image-box\" data-id=\"d3bea6a\" data-element_type=\"widget\" data-widget_type=\"image-box.default\">\n\t\t\t\t<div class=\"elementor-widget-container\">\n\t\t\t\t\t<div class=\"elementor-image-box-wrapper\"><figure class=\"elementor-image-box-img\"><a href=\"https:\/\/www.europeana.eu\/portal\/es\" target=\"_blank\" tabindex=\"-1\"><img decoding=\"async\" width=\"300\" height=\"300\" src=\"https:\/\/institutotriangulo.edu.co\/website\/wp-content\/uploads\/2023\/10\/biblioteca-1.png\" class=\"elementor-animation-grow attachment-full size-full wp-image-4222\" alt=\"\" srcset=\"https:\/\/institutotriangulo.edu.co\/website\/wp-content\/uploads\/2023\/10\/biblioteca-1.png 300w, https:\/\/institutotriangulo.edu.co\/website\/wp-content\/uploads\/2023\/10\/biblioteca-1-150x150.png 150w\" sizes=\"(max-width: 300px) 100vw, 300px\" \/><\/a><\/figure><div class=\"elementor-image-box-content\"><h3 class=\"elementor-image-box-title\"><a href=\"https:\/\/www.europeana.eu\/portal\/es\" target=\"_blank\">Biblioteca virtual <\/a><\/h3><p class=\"elementor-image-box-description\">Europa<\/p><\/div><\/div>\t\t\t\t<\/div>\n\t\t\t\t<\/div>\n\t\t\t\t\t<\/div>\n\t\t<\/div>\n\t\t\t\t<div class=\"elementor-column elementor-col-33 elementor-inner-column elementor-element elementor-element-0b6c82f\" data-id=\"0b6c82f\" data-element_type=\"column\">\n\t\t\t<div class=\"elementor-widget-wrap elementor-element-populated\">\n\t\t\t\t\t\t<div class=\"elementor-element elementor-element-f940fc8 elementor-position-top elementor-widget elementor-widget-image-box\" data-id=\"f940fc8\" data-element_type=\"widget\" data-widget_type=\"image-box.default\">\n\t\t\t\t<div class=\"elementor-widget-container\">\n\t\t\t\t\t<div class=\"elementor-image-box-wrapper\"><figure class=\"elementor-image-box-img\"><a href=\"http:\/\/www.cervantesvirtual.com\/\" target=\"_blank\" tabindex=\"-1\"><img decoding=\"async\" width=\"300\" height=\"300\" src=\"https:\/\/institutotriangulo.edu.co\/website\/wp-content\/uploads\/2023\/10\/biblioteca-4.png\" class=\"elementor-animation-grow attachment-full size-full wp-image-4225\" alt=\"\" srcset=\"https:\/\/institutotriangulo.edu.co\/website\/wp-content\/uploads\/2023\/10\/biblioteca-4.png 300w, https:\/\/institutotriangulo.edu.co\/website\/wp-content\/uploads\/2023\/10\/biblioteca-4-150x150.png 150w\" sizes=\"(max-width: 300px) 100vw, 300px\" \/><\/a><\/figure><div class=\"elementor-image-box-content\"><h3 class=\"elementor-image-box-title\"><a href=\"http:\/\/www.cervantesvirtual.com\/\" target=\"_blank\">Biblioteca virtual <\/a><\/h3><p class=\"elementor-image-box-description\">Cervantes<\/p><\/div><\/div>\t\t\t\t<\/div>\n\t\t\t\t<\/div>\n\t\t\t\t<div class=\"elementor-element elementor-element-37aff18 elementor-align-center elementor-hidden-widescreen elementor-hidden-desktop elementor-hidden-laptop elementor-hidden-tablet_extra elementor-hidden-tablet elementor-hidden-mobile_extra elementor-hidden-mobile elementor-widget elementor-widget-button\" data-id=\"37aff18\" data-element_type=\"widget\" data-widget_type=\"button.default\">\n\t\t\t\t<div class=\"elementor-widget-container\">\n\t\t\t\t\t\t\t\t\t<div class=\"elementor-button-wrapper\">\n\t\t\t\t\t<a class=\"elementor-button elementor-button-link elementor-size-sm elementor-animation-shrink\" href=\"http:\/\/www.cervantesvirtual.com\/\" target=\"_blank\">\n\t\t\t\t\t\t<span class=\"elementor-button-content-wrapper\">\n\t\t\t\t\t\t\t\t\t<span class=\"elementor-button-text\">Ingresar<\/span>\n\t\t\t\t\t<\/span>\n\t\t\t\t\t<\/a>\n\t\t\t\t<\/div>\n\t\t\t\t\t\t\t\t<\/div>\n\t\t\t\t<\/div>\n\t\t\t\t\t<\/div>\n\t\t<\/div>\n\t\t\t\t\t<\/div>\n\t\t<\/section>\n\t\t\t\t<section class=\"elementor-section elementor-inner-section elementor-element elementor-element-59bf3d9 elementor-section-boxed elementor-section-height-default elementor-section-height-default\" data-id=\"59bf3d9\" data-element_type=\"section\">\n\t\t\t\t\t\t<div class=\"elementor-container elementor-column-gap-default\">\n\t\t\t\t\t<div class=\"elementor-column elementor-col-33 elementor-inner-column elementor-element elementor-element-7ae49f9\" data-id=\"7ae49f9\" data-element_type=\"column\">\n\t\t\t<div class=\"elementor-widget-wrap elementor-element-populated\">\n\t\t\t\t\t\t<div class=\"elementor-element elementor-element-4f9d546 elementor-position-top elementor-widget elementor-widget-image-box\" data-id=\"4f9d546\" data-element_type=\"widget\" data-widget_type=\"image-box.default\">\n\t\t\t\t<div class=\"elementor-widget-container\">\n\t\t\t\t\t<div class=\"elementor-image-box-wrapper\"><figure class=\"elementor-image-box-img\"><a href=\"http:\/\/www.cervantesvirtual.com\/portales\/biblioteca_literatura_infantil_juvenil\/\" tabindex=\"-1\"><img loading=\"lazy\" decoding=\"async\" width=\"300\" height=\"300\" src=\"https:\/\/institutotriangulo.edu.co\/website\/wp-content\/uploads\/2023\/10\/biblioteca-5.png\" class=\"elementor-animation-grow attachment-full size-full wp-image-4226\" alt=\"\" srcset=\"https:\/\/institutotriangulo.edu.co\/website\/wp-content\/uploads\/2023\/10\/biblioteca-5.png 300w, https:\/\/institutotriangulo.edu.co\/website\/wp-content\/uploads\/2023\/10\/biblioteca-5-150x150.png 150w\" sizes=\"(max-width: 300px) 100vw, 300px\" \/><\/a><\/figure><div class=\"elementor-image-box-content\"><h3 class=\"elementor-image-box-title\"><a href=\"http:\/\/www.cervantesvirtual.com\/portales\/biblioteca_literatura_infantil_juvenil\/\">Biblioteca virtual <\/a><\/h3><p class=\"elementor-image-box-description\">Cervantes infantil y juvenil<\/p><\/div><\/div>\t\t\t\t<\/div>\n\t\t\t\t<\/div>\n\t\t\t\t\t<\/div>\n\t\t<\/div>\n\t\t\t\t<div class=\"elementor-column elementor-col-33 elementor-inner-column elementor-element elementor-element-dccb9d7\" data-id=\"dccb9d7\" data-element_type=\"column\">\n\t\t\t<div class=\"elementor-widget-wrap elementor-element-populated\">\n\t\t\t\t\t\t<div class=\"elementor-element elementor-element-3aa315a elementor-position-top elementor-widget elementor-widget-image-box\" data-id=\"3aa315a\" data-element_type=\"widget\" data-widget_type=\"image-box.default\">\n\t\t\t\t<div class=\"elementor-widget-container\">\n\t\t\t\t\t<div class=\"elementor-image-box-wrapper\"><figure class=\"elementor-image-box-img\"><a href=\"http:\/\/catalogoenlinea.bibliotecanacional.gov.co\/client\/es_ES\/bd\" target=\"_blank\" tabindex=\"-1\"><img loading=\"lazy\" decoding=\"async\" width=\"300\" height=\"300\" src=\"https:\/\/institutotriangulo.edu.co\/website\/wp-content\/uploads\/2023\/10\/biblioteca-6.png\" class=\"elementor-animation-grow attachment-full size-full wp-image-4227\" alt=\"\" srcset=\"https:\/\/institutotriangulo.edu.co\/website\/wp-content\/uploads\/2023\/10\/biblioteca-6.png 300w, https:\/\/institutotriangulo.edu.co\/website\/wp-content\/uploads\/2023\/10\/biblioteca-6-150x150.png 150w\" sizes=\"(max-width: 300px) 100vw, 300px\" \/><\/a><\/figure><div class=\"elementor-image-box-content\"><h3 class=\"elementor-image-box-title\"><a href=\"http:\/\/catalogoenlinea.bibliotecanacional.gov.co\/client\/es_ES\/bd\" target=\"_blank\">Biblioteca <\/a><\/h3><p class=\"elementor-image-box-description\">Nacional de Colombia<\/p><\/div><\/div>\t\t\t\t<\/div>\n\t\t\t\t<\/div>\n\t\t\t\t\t<\/div>\n\t\t<\/div>\n\t\t\t\t<div class=\"elementor-column elementor-col-33 elementor-inner-column elementor-element elementor-element-2b59749\" data-id=\"2b59749\" data-element_type=\"column\">\n\t\t\t<div class=\"elementor-widget-wrap elementor-element-populated\">\n\t\t\t\t\t\t<div class=\"elementor-element elementor-element-b33ccd8 elementor-position-top elementor-widget elementor-widget-image-box\" data-id=\"b33ccd8\" data-element_type=\"widget\" data-widget_type=\"image-box.default\">\n\t\t\t\t<div class=\"elementor-widget-container\">\n\t\t\t\t\t<div class=\"elementor-image-box-wrapper\"><figure class=\"elementor-image-box-img\"><a href=\"https:\/\/es.khanacademy.org\/\" target=\"_blank\" tabindex=\"-1\"><img loading=\"lazy\" decoding=\"async\" width=\"300\" height=\"300\" src=\"https:\/\/institutotriangulo.edu.co\/website\/wp-content\/uploads\/2023\/10\/biblioteca-2.png\" class=\"elementor-animation-grow attachment-full size-full wp-image-4223\" alt=\"\" srcset=\"https:\/\/institutotriangulo.edu.co\/website\/wp-content\/uploads\/2023\/10\/biblioteca-2.png 300w, https:\/\/institutotriangulo.edu.co\/website\/wp-content\/uploads\/2023\/10\/biblioteca-2-150x150.png 150w\" sizes=\"(max-width: 300px) 100vw, 300px\" \/><\/a><\/figure><div class=\"elementor-image-box-content\"><h3 class=\"elementor-image-box-title\"><a href=\"https:\/\/es.khanacademy.org\/\" target=\"_blank\">Biblioteca <\/a><\/h3><p class=\"elementor-image-box-description\">Khan academy<\/p><\/div><\/div>\t\t\t\t<\/div>\n\t\t\t\t<\/div>\n\t\t\t\t\t<\/div>\n\t\t<\/div>\n\t\t\t\t\t<\/div>\n\t\t<\/section>\n\t\t\t\t\t<\/div>\n\t\t<\/div>\n\t\t\t\t\t<\/div>\n\t\t<\/section>\n\t\t\t\t<section class=\"elementor-section elementor-top-section elementor-element elementor-element-3493083 elementor-section-boxed elementor-section-height-default elementor-section-height-default\" data-id=\"3493083\" data-element_type=\"section\">\n\t\t\t\t\t\t<div class=\"elementor-container elementor-column-gap-default\">\n\t\t\t\t\t<div class=\"elementor-column elementor-col-100 elementor-top-column elementor-element elementor-element-c05c341\" data-id=\"c05c341\" data-element_type=\"column\">\n\t\t\t<div class=\"elementor-widget-wrap elementor-element-populated\">\n\t\t\t\t\t\t<div class=\"elementor-element elementor-element-7dc8cd2 elementor-widget elementor-widget-text-editor\" data-id=\"7dc8cd2\" data-element_type=\"widget\" data-widget_type=\"text-editor.default\">\n\t\t\t\t<div class=\"elementor-widget-container\">\n\t\t\t\t\t\t\t\t\t<p>\u00a1Bienvenido! En este art\u00edculo, discutiremos la Biblioteca Virtual del Instituto Tri\u00e1ngulo. El instituto ofrece acceso a una amplia variedad de materiales de aprendizaje en l\u00ednea a trav\u00e9s de sus bibliotecas virtuales. La Biblioteca Virtual del Instituto Tri\u00e1ngulo es f\u00e1cilmente accesible a trav\u00e9s de su sitio web1. Los estudiantes pueden encontrar informaci\u00f3n detallada sobre c\u00f3mo acceder a la Biblioteca Virtual en el sitio web del instituto12. Adem\u00e1s, el instituto ofrece planes de pago flexibles y sin intereses para ayudar a los estudiantes a financiar su educaci\u00f3n13.<\/p><p>La Biblioteca Virtual del Instituto Tri\u00e1ngulo es una herramienta valiosa para los estudiantes que buscan mejorar su conocimiento y habilidades en cualquier materia. Con una amplia variedad de materiales de aprendizaje en l\u00ednea, los estudiantes pueden explorar y descubrir el vasto universo del conocimiento en cualquier materia que deseen explorar. La Biblioteca Virtual del Instituto Tri\u00e1ngulo es una excelente manera de complementar la educaci\u00f3n en el aula y mejorar el aprendizaje en l\u00ednea. \u00a1Comience su viaje hacia el aprendizaje continuo hoy mismo con la Biblioteca Virtual del Instituto Tri\u00e1ngulo!<\/p>\t\t\t\t\t\t\t\t<\/div>\n\t\t\t\t<\/div>\n\t\t\t\t\t<\/div>\n\t\t<\/div>\n\t\t\t\t\t<\/div>\n\t\t<\/section>\n\t\t\t\t<\/div>\n\t\t","protected":false},"excerpt":{"rendered":"<p>Bibliotecas virtuales \u00a1Explora, descubre y sum\u00e9rgete en el vasto universo del conocimiento a trav\u00e9s de nuestras Bibliotecas Virtuales en Instituto Tri\u00e1ngulo En Instituto Tri\u00e1ngulo, creemos que el conocimiento es la clave para un futuro brillante. Por eso, hemos creado un acceso f\u00e1cil y r\u00e1pido a nuestras Bibliotecas Virtuales, donde la informaci\u00f3n y el aprendizaje est\u00e1n [&hellip;]<\/p>\n","protected":false},"author":2,"featured_media":0,"parent":0,"menu_order":0,"comment_status":"closed","ping_status":"closed","template":"","meta":{"site-sidebar-layout":"no-sidebar","site-content-layout":"page-builder","ast-site-content-layout":"full-width-container","site-content-style":"unboxed","site-sidebar-style":"unboxed","ast-global-header-display":"","ast-banner-title-visibility":"","ast-main-header-display":"","ast-hfb-above-header-display":"","ast-hfb-below-header-display":"","ast-hfb-mobile-header-display":"","site-post-title":"disabled","ast-breadcrumbs-content":"","ast-featured-img":"disabled","footer-sml-layout":"","theme-transparent-header-meta":"","adv-header-id-meta":"","stick-header-meta":"","header-above-stick-meta":"","header-main-stick-meta":"","header-below-stick-meta":"","astra-migrate-meta-layouts":"set","ast-page-background-enabled":"default","ast-page-background-meta":{"desktop":{"background-color":"var(--ast-global-color-4)","background-image":"","background-repeat":"repeat","background-position":"center center","background-size":"auto","background-attachment":"scroll","background-type":"","background-media":"","overlay-type":"","overlay-color":"","overlay-gradient":""},"tablet":{"background-color":"","background-image":"","background-repeat":"repeat","background-position":"center center","background-size":"auto","background-attachment":"scroll","background-type":"","background-media":"","overlay-type":"","overlay-color":"","overlay-gradient":""},"mobile":{"background-color":"","background-image":"","background-repeat":"repeat","background-position":"center center","background-size":"auto","background-attachment":"scroll","background-type":"","background-media":"","overlay-type":"","overlay-color":"","overlay-gradient":""}},"ast-content-background-meta":{"desktop":{"background-color":"var(--ast-global-color-5)","background-image":"","background-repeat":"repeat","background-position":"center center","background-size":"auto","background-attachment":"scroll","background-type":"","background-media":"","overlay-type":"","overlay-color":"","overlay-gradient":""},"tablet":{"background-color":"var(--ast-global-color-5)","background-image":"","background-repeat":"repeat","background-position":"center center","background-size":"auto","background-attachment":"scroll","background-type":"","background-media":"","overlay-type":"","overlay-color":"","overlay-gradient":""},"mobile":{"background-color":"var(--ast-global-color-5)","background-image":"","background-repeat":"repeat","background-position":"center center","background-size":"auto","background-attachment":"scroll","background-type":"","background-media":"","overlay-type":"","overlay-color":"","overlay-gradient":""}},"footnotes":""},"class_list":["post-4214","page","type-page","status-publish","hentry"],"yoast_head":"<!-- This site is optimized with the Yoast SEO plugin v25.1 - https:\/\/yoast.com\/wordpress\/plugins\/seo\/ -->\n<title>Biblioteca Instituto - Instituto Triangulo<\/title>\n<meta name=\"description\" content=\"En Biblioteca Instituto, creemos que el conocimiento es la clave para un futuro brillante. Por eso, hemos creado un acceso f\u00e1cil y r\u00e1pido...\" \/>\n<meta name=\"robots\" content=\"index, follow, max-snippet:-1, max-image-preview:large, max-video-preview:-1\" \/>\n<link rel=\"canonical\" href=\"https:\/\/institutotriangulo.edu.co\/website\/biblioteca-virtual\/\" \/>\n<meta property=\"og:locale\" content=\"es_ES\" \/>\n<meta property=\"og:type\" content=\"article\" \/>\n<meta property=\"og:title\" content=\"Biblioteca Instituto - Instituto Triangulo\" \/>\n<meta property=\"og:description\" content=\"En Biblioteca Instituto, creemos que el conocimiento es la clave para un futuro brillante. Por eso, hemos creado un acceso f\u00e1cil y r\u00e1pido...\" \/>\n<meta property=\"og:url\" content=\"https:\/\/institutotriangulo.edu.co\/website\/biblioteca-virtual\/\" \/>\n<meta property=\"og:site_name\" content=\"Instituto Triangulo\" \/>\n<meta property=\"article:modified_time\" content=\"2023-11-10T20:49:12+00:00\" \/>\n<meta property=\"og:image\" content=\"https:\/\/institutotriangulo.edu.co\/website\/wp-content\/uploads\/2023\/10\/biblioteca-3.png\" \/>\n<meta name=\"twitter:card\" content=\"summary_large_image\" \/>\n<meta name=\"twitter:label1\" content=\"Tiempo de lectura\" \/>\n\t<meta name=\"twitter:data1\" content=\"3 minutos\" \/>\n<!-- \/ Yoast SEO plugin. -->","yoast_head_json":{"title":"Biblioteca Instituto - Instituto Triangulo","description":"En Biblioteca Instituto, creemos que el conocimiento es la clave para un futuro brillante. Por eso, hemos creado un acceso f\u00e1cil y r\u00e1pido...","robots":{"index":"index","follow":"follow","max-snippet":"max-snippet:-1","max-image-preview":"max-image-preview:large","max-video-preview":"max-video-preview:-1"},"canonical":"https:\/\/institutotriangulo.edu.co\/website\/biblioteca-virtual\/","og_locale":"es_ES","og_type":"article","og_title":"Biblioteca Instituto - Instituto Triangulo","og_description":"En Biblioteca Instituto, creemos que el conocimiento es la clave para un futuro brillante. Por eso, hemos creado un acceso f\u00e1cil y r\u00e1pido...","og_url":"https:\/\/institutotriangulo.edu.co\/website\/biblioteca-virtual\/","og_site_name":"Instituto Triangulo","article_modified_time":"2023-11-10T20:49:12+00:00","og_image":[{"url":"https:\/\/institutotriangulo.edu.co\/website\/wp-content\/uploads\/2023\/10\/biblioteca-3.png","type":"","width":"","height":""}],"twitter_card":"summary_large_image","twitter_misc":{"Tiempo de lectura":"3 minutos"},"schema":{"@context":"https:\/\/schema.org","@graph":[{"@type":"WebPage","@id":"https:\/\/institutotriangulo.edu.co\/website\/biblioteca-virtual\/","url":"https:\/\/institutotriangulo.edu.co\/website\/biblioteca-virtual\/","name":"Biblioteca Instituto - Instituto Triangulo","isPartOf":{"@id":"https:\/\/institutotriangulo.edu.co\/website\/#website"},"primaryImageOfPage":{"@id":"https:\/\/institutotriangulo.edu.co\/website\/biblioteca-virtual\/#primaryimage"},"image":{"@id":"https:\/\/institutotriangulo.edu.co\/website\/biblioteca-virtual\/#primaryimage"},"thumbnailUrl":"https:\/\/institutotriangulo.edu.co\/website\/wp-content\/uploads\/2023\/10\/biblioteca-3.png","datePublished":"2023-10-05T23:13:13+00:00","dateModified":"2023-11-10T20:49:12+00:00","description":"En Biblioteca Instituto, creemos que el conocimiento es la clave para un futuro brillante. Por eso, hemos creado un acceso f\u00e1cil y r\u00e1pido...","breadcrumb":{"@id":"https:\/\/institutotriangulo.edu.co\/website\/biblioteca-virtual\/#breadcrumb"},"inLanguage":"es","potentialAction":[{"@type":"ReadAction","target":["https:\/\/institutotriangulo.edu.co\/website\/biblioteca-virtual\/"]}]},{"@type":"ImageObject","inLanguage":"es","@id":"https:\/\/institutotriangulo.edu.co\/website\/biblioteca-virtual\/#primaryimage","url":"https:\/\/institutotriangulo.edu.co\/website\/wp-content\/uploads\/2023\/10\/biblioteca-3.png","contentUrl":"https:\/\/institutotriangulo.edu.co\/website\/wp-content\/uploads\/2023\/10\/biblioteca-3.png","width":300,"height":300},{"@type":"BreadcrumbList","@id":"https:\/\/institutotriangulo.edu.co\/website\/biblioteca-virtual\/#breadcrumb","itemListElement":[{"@type":"ListItem","position":1,"name":"Portada","item":"https:\/\/institutotriangulo.edu.co\/website\/"},{"@type":"ListItem","position":2,"name":"Biblioteca Instituto"}]},{"@type":"WebSite","@id":"https:\/\/institutotriangulo.edu.co\/website\/#website","url":"https:\/\/institutotriangulo.edu.co\/website\/","name":"Instituto Triangulo","description":"La Mejor Instituci\u00f3n Educativa de Colombia","potentialAction":[{"@type":"SearchAction","target":{"@type":"EntryPoint","urlTemplate":"https:\/\/institutotriangulo.edu.co\/website\/?s={search_term_string}"},"query-input":{"@type":"PropertyValueSpecification","valueRequired":true,"valueName":"search_term_string"}}],"inLanguage":"es"}]}},"_links":{"self":[{"href":"https:\/\/institutotriangulo.edu.co\/website\/wp-json\/wp\/v2\/pages\/4214","targetHints":{"allow":["GET"]}}],"collection":[{"href":"https:\/\/institutotriangulo.edu.co\/website\/wp-json\/wp\/v2\/pages"}],"about":[{"href":"https:\/\/institutotriangulo.edu.co\/website\/wp-json\/wp\/v2\/types\/page"}],"author":[{"embeddable":true,"href":"https:\/\/institutotriangulo.edu.co\/website\/wp-json\/wp\/v2\/users\/2"}],"replies":[{"embeddable":true,"href":"https:\/\/institutotriangulo.edu.co\/website\/wp-json\/wp\/v2\/comments?post=4214"}],"version-history":[{"count":0,"href":"https:\/\/institutotriangulo.edu.co\/website\/wp-json\/wp\/v2\/pages\/4214\/revisions"}],"wp:attachment":[{"href":"https:\/\/institutotriangulo.edu.co\/website\/wp-json\/wp\/v2\/media?parent=4214"}],"curies":[{"name":"wp","href":"https:\/\/api.w.org\/{rel}","templated":true}]}}