{"id":4302,"date":"2023-10-06T04:09:08","date_gmt":"2023-10-06T02:09:08","guid":{"rendered":"https:\/\/home2.design.tusitiopro.com\/?page_id=4302"},"modified":"2023-11-08T11:17:06","modified_gmt":"2023-11-08T10:17:06","slug":"pqrsf-estudiantes","status":"publish","type":"page","link":"https:\/\/institutotriangulo.edu.co\/website\/pqrsf-estudiantes\/","title":{"rendered":"PQRSF estudiantes"},"content":{"rendered":"\t\t<div data-elementor-type=\"wp-page\" data-elementor-id=\"4302\" class=\"elementor elementor-4302\">\n\t\t\t\t\t\t<section class=\"elementor-section elementor-top-section elementor-element elementor-element-014828c elementor-section-height-min-height elementor-section-boxed elementor-section-height-default elementor-section-items-middle\" data-id=\"014828c\" data-element_type=\"section\" data-settings=\"{&quot;background_background&quot;:&quot;classic&quot;}\">\n\t\t\t\t\t\t\t<div class=\"elementor-background-overlay\"><\/div>\n\t\t\t\t\t\t\t<div class=\"elementor-container elementor-column-gap-default\">\n\t\t\t\t\t<div class=\"elementor-column elementor-col-100 elementor-top-column elementor-element elementor-element-43e9d4b\" data-id=\"43e9d4b\" data-element_type=\"column\" data-settings=\"{&quot;background_background&quot;:&quot;classic&quot;}\">\n\t\t\t<div class=\"elementor-widget-wrap elementor-element-populated\">\n\t\t\t\t\t<div class=\"elementor-background-overlay\"><\/div>\n\t\t\t\t\t\t<div class=\"elementor-element elementor-element-7c0cfc7 elementor-widget elementor-widget-heading\" data-id=\"7c0cfc7\" data-element_type=\"widget\" data-widget_type=\"heading.default\">\n\t\t\t\t<div class=\"elementor-widget-container\">\n\t\t\t\t\t<h2 class=\"elementor-heading-title elementor-size-default\">PQRSF para estudiantes<\/h2>\t\t\t\t<\/div>\n\t\t\t\t<\/div>\n\t\t\t\t\t<\/div>\n\t\t<\/div>\n\t\t\t\t\t<\/div>\n\t\t<\/section>\n\t\t\t\t<section class=\"elementor-section elementor-top-section elementor-element elementor-element-51884bc elementor-section-boxed elementor-section-height-default elementor-section-height-default\" data-id=\"51884bc\" data-element_type=\"section\">\n\t\t\t\t\t\t<div class=\"elementor-container elementor-column-gap-default\">\n\t\t\t\t\t<div class=\"elementor-column elementor-col-100 elementor-top-column elementor-element elementor-element-2536835\" data-id=\"2536835\" data-element_type=\"column\">\n\t\t\t<div class=\"elementor-widget-wrap elementor-element-populated\">\n\t\t\t\t\t\t<div class=\"elementor-element elementor-element-4d013bb elementor-widget elementor-widget-heading\" data-id=\"4d013bb\" data-element_type=\"widget\" data-widget_type=\"heading.default\">\n\t\t\t\t<div class=\"elementor-widget-container\">\n\t\t\t\t\t<h2 class=\"elementor-heading-title elementor-size-default\">\"Gracias por ser parte de  <span style=\"color:#DB2424;\"> <b>nuestra comunidad <\/b><\/span>  y por contribuir a nuestro compromiso con la excelencia y la satisfacci\u00f3n de nuestros estudiantes.\"<\/h2>\t\t\t\t<\/div>\n\t\t\t\t<\/div>\n\t\t\t\t<div class=\"elementor-element elementor-element-35ba229 elementor-widget elementor-widget-text-editor\" data-id=\"35ba229\" data-element_type=\"widget\" data-widget_type=\"text-editor.default\">\n\t\t\t\t<div class=\"elementor-widget-container\">\n\t\t\t\t\t\t\t\t\t<p>En\u00a0 <strong>Instituto Tri\u00e1ngulo<\/strong>,\u00a0tu opini\u00f3n es fundamental para nosotros. Creemos en la transparencia y la mejora continua, y queremos asegurarnos de que tu experiencia con nosotros sea siempre excepcional.<\/p><p>Nuestro<strong> formulario<\/strong> <strong>PQRSF<\/strong> es tu canal directo para expresar tus comentarios, hacer preguntas, presentar sugerencias, o resolver cualquier inquietud que puedas tener. Nos comprometemos a escucharte y a tomar medidas para abordar tus necesidades de manera eficiente y efectiva.<\/p><p>Tu retroalimentaci\u00f3n es una fuente invaluable de inspiraci\u00f3n para seguir evolucionando y ofrecer servicios educativos de la m\u00e1s alta calidad. Apreciamos cada palabra que compartes con nosotros y estamos ansiosos por seguir mejorando contigo.<\/p><p>Por favor, completa nuestro <strong>formulario PQRSF<\/strong> con confianza, sabiendo que estamos aqu\u00ed para atenderte y hacer que tu experiencia en el <strong>Instituto Tri\u00e1ngulo<\/strong> sea cada vez mejor<a href=\"https:\/\/institutotriangulo.edu.co\/website\/\">.<\/a><\/p>\t\t\t\t\t\t\t\t<\/div>\n\t\t\t\t<\/div>\n\t\t\t\t\t<\/div>\n\t\t<\/div>\n\t\t\t\t\t<\/div>\n\t\t<\/section>\n\t\t\t\t<section class=\"elementor-section elementor-top-section elementor-element elementor-element-6328215 elementor-section-boxed elementor-section-height-default elementor-section-height-default\" data-id=\"6328215\" data-element_type=\"section\">\n\t\t\t\t\t\t<div class=\"elementor-container elementor-column-gap-default\">\n\t\t\t\t\t<div class=\"elementor-column elementor-col-100 elementor-top-column elementor-element elementor-element-2f6bf17\" data-id=\"2f6bf17\" data-element_type=\"column\">\n\t\t\t<div class=\"elementor-widget-wrap elementor-element-populated\">\n\t\t\t\t\t\t<div class=\"elementor-element elementor-element-66f4eb8 elementor-align-justify elementor-widget elementor-widget-button\" data-id=\"66f4eb8\" data-element_type=\"widget\" data-widget_type=\"button.default\">\n\t\t\t\t<div class=\"elementor-widget-container\">\n\t\t\t\t\t\t\t\t\t<div class=\"elementor-button-wrapper\">\n\t\t\t\t\t<a class=\"elementor-button elementor-button-link elementor-size-lg\" href=\"https:\/\/institutotriangulo.q10.com\/SolicitudesInstitucionales\/NuevaSolicitud\">\n\t\t\t\t\t\t<span class=\"elementor-button-content-wrapper\">\n\t\t\t\t\t\t\t\t\t<span class=\"elementor-button-text\">Radicaci\u00f3n PQRSF<\/span>\n\t\t\t\t\t<\/span>\n\t\t\t\t\t<\/a>\n\t\t\t\t<\/div>\n\t\t\t\t\t\t\t\t<\/div>\n\t\t\t\t<\/div>\n\t\t\t\t\t<\/div>\n\t\t<\/div>\n\t\t\t\t\t<\/div>\n\t\t<\/section>\n\t\t\t\t<section class=\"elementor-section elementor-top-section elementor-element elementor-element-b0d5c7a elementor-section-boxed elementor-section-height-default elementor-section-height-default\" data-id=\"b0d5c7a\" data-element_type=\"section\">\n\t\t\t\t\t\t<div class=\"elementor-container elementor-column-gap-default\">\n\t\t\t\t\t<div class=\"elementor-column elementor-col-100 elementor-top-column elementor-element elementor-element-d691cf7\" data-id=\"d691cf7\" data-element_type=\"column\">\n\t\t\t<div class=\"elementor-widget-wrap elementor-element-populated\">\n\t\t\t\t\t\t<div class=\"elementor-element elementor-element-8015a00 elementor-widget elementor-widget-text-editor\" data-id=\"8015a00\" data-element_type=\"widget\" data-widget_type=\"text-editor.default\">\n\t\t\t\t<div class=\"elementor-widget-container\">\n\t\t\t\t\t\t\t\t\t<p>El Instituto Tri\u00e1ngulo es una instituci\u00f3n educativa que ofrece programas t\u00e9cnicos y tecnol\u00f3gicos de calidad en Colombia. Su compromiso con la excelencia y la satisfacci\u00f3n de sus estudiantes se refleja en su sistema de PQRSF, que significa Peticiones, Quejas, Reclamos, Sugerencias y Felicitaciones.<\/p><p>El sistema de PQRSF es un canal directo para que los estudiantes expresen sus opiniones, hagan preguntas, presenten sugerencias o resuelvan cualquier inquietud que puedan tener sobre los servicios educativos que reciben. El Instituto Tri\u00e1ngulo se compromete a escuchar y atender las necesidades de los estudiantes de manera eficiente y efectiva, y a utilizar sus comentarios como una fuente de inspiraci\u00f3n para seguir mejorando. Los estudiantes pueden acceder al formulario de PQRSF a trav\u00e9s de la p\u00e1gina web del Instituto Tri\u00e1ngulo 1 o del Colegio Tri\u00e1ngulo 2, y completarlo con confianza, sabiendo que el Instituto Tri\u00e1ngulo est\u00e1 aqu\u00ed para servirles y hacer que su experiencia educativa sea cada vez mejor.<\/p>\t\t\t\t\t\t\t\t<\/div>\n\t\t\t\t<\/div>\n\t\t\t\t\t<\/div>\n\t\t<\/div>\n\t\t\t\t\t<\/div>\n\t\t<\/section>\n\t\t\t\t<\/div>\n\t\t","protected":false},"excerpt":{"rendered":"<p>PQRSF para estudiantes &#8220;Gracias por ser parte de nuestra comunidad y por contribuir a nuestro compromiso con la excelencia y la satisfacci\u00f3n de nuestros estudiantes.&#8221; En\u00a0 Instituto Tri\u00e1ngulo,\u00a0tu opini\u00f3n es fundamental para nosotros. Creemos en la transparencia y la mejora continua, y queremos asegurarnos de que tu experiencia con nosotros sea siempre excepcional. Nuestro formulario [&hellip;]<\/p>\n","protected":false},"author":2,"featured_media":0,"parent":0,"menu_order":0,"comment_status":"closed","ping_status":"closed","template":"","meta":{"site-sidebar-layout":"no-sidebar","site-content-layout":"page-builder","ast-site-content-layout":"full-width-container","site-content-style":"unboxed","site-sidebar-style":"unboxed","ast-global-header-display":"","ast-banner-title-visibility":"","ast-main-header-display":"","ast-hfb-above-header-display":"","ast-hfb-below-header-display":"","ast-hfb-mobile-header-display":"","site-post-title":"disabled","ast-breadcrumbs-content":"","ast-featured-img":"disabled","footer-sml-layout":"","theme-transparent-header-meta":"","adv-header-id-meta":"","stick-header-meta":"","header-above-stick-meta":"","header-main-stick-meta":"","header-below-stick-meta":"","astra-migrate-meta-layouts":"set","ast-page-background-enabled":"default","ast-page-background-meta":{"desktop":{"background-color":"var(--ast-global-color-4)","background-image":"","background-repeat":"repeat","background-position":"center center","background-size":"auto","background-attachment":"scroll","background-type":"","background-media":"","overlay-type":"","overlay-color":"","overlay-gradient":""},"tablet":{"background-color":"","background-image":"","background-repeat":"repeat","background-position":"center center","background-size":"auto","background-attachment":"scroll","background-type":"","background-media":"","overlay-type":"","overlay-color":"","overlay-gradient":""},"mobile":{"background-color":"","background-image":"","background-repeat":"repeat","background-position":"center center","background-size":"auto","background-attachment":"scroll","background-type":"","background-media":"","overlay-type":"","overlay-color":"","overlay-gradient":""}},"ast-content-background-meta":{"desktop":{"background-color":"var(--ast-global-color-5)","background-image":"","background-repeat":"repeat","background-position":"center center","background-size":"auto","background-attachment":"scroll","background-type":"","background-media":"","overlay-type":"","overlay-color":"","overlay-gradient":""},"tablet":{"background-color":"var(--ast-global-color-5)","background-image":"","background-repeat":"repeat","background-position":"center center","background-size":"auto","background-attachment":"scroll","background-type":"","background-media":"","overlay-type":"","overlay-color":"","overlay-gradient":""},"mobile":{"background-color":"var(--ast-global-color-5)","background-image":"","background-repeat":"repeat","background-position":"center center","background-size":"auto","background-attachment":"scroll","background-type":"","background-media":"","overlay-type":"","overlay-color":"","overlay-gradient":""}},"footnotes":""},"class_list":["post-4302","page","type-page","status-publish","hentry"],"yoast_head":"<!-- This site is optimized with the Yoast SEO plugin v25.1 - https:\/\/yoast.com\/wordpress\/plugins\/seo\/ -->\n<title>PQRSF estudiantes - Instituto Triangulo<\/title>\n<meta name=\"description\" content=\"PQRSF estudiantes: Gracias por ser parte de nuestra comunidad y por contribuir a nuestro compromiso con la excelencia...\" \/>\n<meta name=\"robots\" content=\"index, follow, max-snippet:-1, max-image-preview:large, max-video-preview:-1\" \/>\n<link rel=\"canonical\" href=\"https:\/\/institutotriangulo.edu.co\/website\/pqrsf-estudiantes\/\" \/>\n<meta property=\"og:locale\" content=\"es_ES\" \/>\n<meta property=\"og:type\" content=\"article\" \/>\n<meta property=\"og:title\" content=\"PQRSF estudiantes - Instituto Triangulo\" \/>\n<meta property=\"og:description\" content=\"PQRSF estudiantes: Gracias por ser parte de nuestra comunidad y por contribuir a nuestro compromiso con la excelencia...\" \/>\n<meta property=\"og:url\" content=\"https:\/\/institutotriangulo.edu.co\/website\/pqrsf-estudiantes\/\" \/>\n<meta property=\"og:site_name\" content=\"Instituto Triangulo\" \/>\n<meta property=\"article:modified_time\" content=\"2023-11-08T10:17:06+00:00\" \/>\n<meta name=\"twitter:card\" content=\"summary_large_image\" \/>\n<meta name=\"twitter:label1\" content=\"Tiempo de lectura\" \/>\n\t<meta name=\"twitter:data1\" content=\"2 minutos\" \/>\n<!-- \/ Yoast SEO plugin. -->","yoast_head_json":{"title":"PQRSF estudiantes - Instituto Triangulo","description":"PQRSF estudiantes: Gracias por ser parte de nuestra comunidad y por contribuir a nuestro compromiso con la excelencia...","robots":{"index":"index","follow":"follow","max-snippet":"max-snippet:-1","max-image-preview":"max-image-preview:large","max-video-preview":"max-video-preview:-1"},"canonical":"https:\/\/institutotriangulo.edu.co\/website\/pqrsf-estudiantes\/","og_locale":"es_ES","og_type":"article","og_title":"PQRSF estudiantes - Instituto Triangulo","og_description":"PQRSF estudiantes: Gracias por ser parte de nuestra comunidad y por contribuir a nuestro compromiso con la excelencia...","og_url":"https:\/\/institutotriangulo.edu.co\/website\/pqrsf-estudiantes\/","og_site_name":"Instituto Triangulo","article_modified_time":"2023-11-08T10:17:06+00:00","twitter_card":"summary_large_image","twitter_misc":{"Tiempo de lectura":"2 minutos"},"schema":{"@context":"https:\/\/schema.org","@graph":[{"@type":"WebPage","@id":"https:\/\/institutotriangulo.edu.co\/website\/pqrsf-estudiantes\/","url":"https:\/\/institutotriangulo.edu.co\/website\/pqrsf-estudiantes\/","name":"PQRSF estudiantes - Instituto Triangulo","isPartOf":{"@id":"https:\/\/institutotriangulo.edu.co\/website\/#website"},"datePublished":"2023-10-06T02:09:08+00:00","dateModified":"2023-11-08T10:17:06+00:00","description":"PQRSF estudiantes: Gracias por ser parte de nuestra comunidad y por contribuir a nuestro compromiso con la excelencia...","breadcrumb":{"@id":"https:\/\/institutotriangulo.edu.co\/website\/pqrsf-estudiantes\/#breadcrumb"},"inLanguage":"es","potentialAction":[{"@type":"ReadAction","target":["https:\/\/institutotriangulo.edu.co\/website\/pqrsf-estudiantes\/"]}]},{"@type":"BreadcrumbList","@id":"https:\/\/institutotriangulo.edu.co\/website\/pqrsf-estudiantes\/#breadcrumb","itemListElement":[{"@type":"ListItem","position":1,"name":"Portada","item":"https:\/\/institutotriangulo.edu.co\/website\/"},{"@type":"ListItem","position":2,"name":"PQRSF estudiantes"}]},{"@type":"WebSite","@id":"https:\/\/institutotriangulo.edu.co\/website\/#website","url":"https:\/\/institutotriangulo.edu.co\/website\/","name":"Instituto Triangulo","description":"La Mejor Instituci\u00f3n Educativa de Colombia","potentialAction":[{"@type":"SearchAction","target":{"@type":"EntryPoint","urlTemplate":"https:\/\/institutotriangulo.edu.co\/website\/?s={search_term_string}"},"query-input":{"@type":"PropertyValueSpecification","valueRequired":true,"valueName":"search_term_string"}}],"inLanguage":"es"}]}},"_links":{"self":[{"href":"https:\/\/institutotriangulo.edu.co\/website\/wp-json\/wp\/v2\/pages\/4302","targetHints":{"allow":["GET"]}}],"collection":[{"href":"https:\/\/institutotriangulo.edu.co\/website\/wp-json\/wp\/v2\/pages"}],"about":[{"href":"https:\/\/institutotriangulo.edu.co\/website\/wp-json\/wp\/v2\/types\/page"}],"author":[{"embeddable":true,"href":"https:\/\/institutotriangulo.edu.co\/website\/wp-json\/wp\/v2\/users\/2"}],"replies":[{"embeddable":true,"href":"https:\/\/institutotriangulo.edu.co\/website\/wp-json\/wp\/v2\/comments?post=4302"}],"version-history":[{"count":0,"href":"https:\/\/institutotriangulo.edu.co\/website\/wp-json\/wp\/v2\/pages\/4302\/revisions"}],"wp:attachment":[{"href":"https:\/\/institutotriangulo.edu.co\/website\/wp-json\/wp\/v2\/media?parent=4302"}],"curies":[{"name":"wp","href":"https:\/\/api.w.org\/{rel}","templated":true}]}}