{"id":8010,"date":"2025-04-01T15:44:02","date_gmt":"2025-04-01T20:44:02","guid":{"rendered":"https:\/\/institutotriangulo.edu.co\/website\/?page_id=8010"},"modified":"2025-05-16T08:37:57","modified_gmt":"2025-05-16T13:37:57","slug":"horizonte-institucional","status":"publish","type":"page","link":"https:\/\/institutotriangulo.edu.co\/website\/horizonte-institucional\/","title":{"rendered":"Horizonte-Institucional"},"content":{"rendered":"\t\t<div data-elementor-type=\"wp-page\" data-elementor-id=\"8010\" class=\"elementor elementor-8010\">\n\t\t\t\t\t\t<section class=\"elementor-section elementor-top-section elementor-element elementor-element-df0e8a9 elementor-section-boxed elementor-section-height-default elementor-section-height-default\" data-id=\"df0e8a9\" data-element_type=\"section\">\n\t\t\t\t\t\t<div class=\"elementor-container elementor-column-gap-default\">\n\t\t\t\t\t<div class=\"elementor-column elementor-col-100 elementor-top-column elementor-element elementor-element-ac00073\" data-id=\"ac00073\" data-element_type=\"column\">\n\t\t\t<div class=\"elementor-widget-wrap elementor-element-populated\">\n\t\t\t\t\t\t<div class=\"elementor-element elementor-element-a9e0234 elementor-widget elementor-widget-heading\" data-id=\"a9e0234\" data-element_type=\"widget\" data-widget_type=\"heading.default\">\n\t\t\t\t<div class=\"elementor-widget-container\">\n\t\t\t\t\t<h2 class=\"elementor-heading-title elementor-size-default\">MISI\u00d3N<\/h2>\t\t\t\t<\/div>\n\t\t\t\t<\/div>\n\t\t\t\t\t<\/div>\n\t\t<\/div>\n\t\t\t\t\t<\/div>\n\t\t<\/section>\n\t\t\t\t<section class=\"elementor-section elementor-top-section elementor-element elementor-element-39b3c69 elementor-section-boxed elementor-section-height-default elementor-section-height-default\" data-id=\"39b3c69\" data-element_type=\"section\">\n\t\t\t\t\t\t<div class=\"elementor-container elementor-column-gap-default\">\n\t\t\t\t\t<div class=\"elementor-column elementor-col-100 elementor-top-column elementor-element elementor-element-5824025\" data-id=\"5824025\" data-element_type=\"column\">\n\t\t\t<div class=\"elementor-widget-wrap elementor-element-populated\">\n\t\t\t\t\t\t<div class=\"elementor-element elementor-element-42f9992 elementor-widget elementor-widget-heading\" data-id=\"42f9992\" data-element_type=\"widget\" data-widget_type=\"heading.default\">\n\t\t\t\t<div class=\"elementor-widget-container\">\n\t\t\t\t\t<h3 class=\"elementor-heading-title elementor-size-default\">El Instituto Tri\u00e1ngulo tiene como misi\u00f3n brindar a la sociedad en general una educaci\u00f3n integral de alta calidad para la formaci\u00f3n del trabajo y el desarrollo humano. Donde los j\u00f3venes y adultos desarrollen sus habilidades y destrezas con el uso intensivo de las TIC.<\/h3>\t\t\t\t<\/div>\n\t\t\t\t<\/div>\n\t\t\t\t\t<\/div>\n\t\t<\/div>\n\t\t\t\t\t<\/div>\n\t\t<\/section>\n\t\t\t\t<section class=\"elementor-section elementor-top-section elementor-element elementor-element-721cffd elementor-section-boxed elementor-section-height-default elementor-section-height-default\" data-id=\"721cffd\" data-element_type=\"section\">\n\t\t\t\t\t\t<div class=\"elementor-container elementor-column-gap-default\">\n\t\t\t\t\t<div class=\"elementor-column elementor-col-100 elementor-top-column elementor-element elementor-element-a287264\" data-id=\"a287264\" data-element_type=\"column\">\n\t\t\t<div class=\"elementor-widget-wrap elementor-element-populated\">\n\t\t\t\t\t\t<div class=\"elementor-element elementor-element-26e1908 elementor-widget elementor-widget-heading\" data-id=\"26e1908\" data-element_type=\"widget\" data-widget_type=\"heading.default\">\n\t\t\t\t<div class=\"elementor-widget-container\">\n\t\t\t\t\t<h2 class=\"elementor-heading-title elementor-size-default\">VISI\u00d3N<\/h2>\t\t\t\t<\/div>\n\t\t\t\t<\/div>\n\t\t\t\t<div class=\"elementor-element elementor-element-3e5241a elementor-widget elementor-widget-heading\" data-id=\"3e5241a\" data-element_type=\"widget\" data-widget_type=\"heading.default\">\n\t\t\t\t<div class=\"elementor-widget-container\">\n\t\t\t\t\t<h3 class=\"elementor-heading-title elementor-size-default\">El Instituto Triangulo en el a\u00f1o 2030 se proyecta como una instituci\u00f3n l\u00edder en educaci\u00f3n e innovaci\u00f3n de ambientes virtuales de aprendizaje y ser\u00e1 reconocido:\n<br>\n<br> Por las empresas como una instituci\u00f3n educativa competitiva que forma con calidad y pertinencia a los j\u00f3venes y adultos que ingresan al mercado laboral. <br>\n<br>\nPor los entes de control como una instituci\u00f3n que dise\u00f1a y desarrolla programas, y proyectos pertinentes de calidad, de formaci\u00f3n para el trabajo y el desarrollo humano. Acorde a los cambios pol\u00edticos, sociales, econ\u00f3micos y tecnol\u00f3gicos del pa\u00eds.<\/h3>\t\t\t\t<\/div>\n\t\t\t\t<\/div>\n\t\t\t\t\t<\/div>\n\t\t<\/div>\n\t\t\t\t\t<\/div>\n\t\t<\/section>\n\t\t\t\t<section class=\"elementor-section elementor-top-section elementor-element elementor-element-aa51bca elementor-section-boxed elementor-section-height-default elementor-section-height-default\" data-id=\"aa51bca\" data-element_type=\"section\">\n\t\t\t\t\t\t<div class=\"elementor-container elementor-column-gap-default\">\n\t\t\t\t\t<div class=\"elementor-column elementor-col-100 elementor-top-column elementor-element elementor-element-a37e332\" data-id=\"a37e332\" data-element_type=\"column\">\n\t\t\t<div class=\"elementor-widget-wrap elementor-element-populated\">\n\t\t\t\t\t\t<div class=\"elementor-element elementor-element-1bb2392 elementor-widget elementor-widget-heading\" data-id=\"1bb2392\" data-element_type=\"widget\" data-widget_type=\"heading.default\">\n\t\t\t\t<div class=\"elementor-widget-container\">\n\t\t\t\t\t<h2 class=\"elementor-heading-title elementor-size-default\">POL\u00cdTICA DE CALIDAD<\/h2>\t\t\t\t<\/div>\n\t\t\t\t<\/div>\n\t\t\t\t<div class=\"elementor-element elementor-element-15d2272 elementor-widget elementor-widget-heading\" data-id=\"15d2272\" data-element_type=\"widget\" data-widget_type=\"heading.default\">\n\t\t\t\t<div class=\"elementor-widget-container\">\n\t\t\t\t\t<h3 class=\"elementor-heading-title elementor-size-default\">El Instituto Triangulo tiene el compromiso de garantizar la calidad acad\u00e9mica en la educaci\u00f3n para el trabajo y desarrollo humano, apoyados en la autoevaluaci\u00f3n, y en la correcta planeaci\u00f3n, fundamentados en el cumplimiento de los requisitos aplicables y la mejora continua de nuestros procesos. Buscando as\u00ed satisfacer las necesidades de nuestros clientes internos y externos.<\/h3>\t\t\t\t<\/div>\n\t\t\t\t<\/div>\n\t\t\t\t\t<\/div>\n\t\t<\/div>\n\t\t\t\t\t<\/div>\n\t\t<\/section>\n\t\t\t\t<section class=\"elementor-section elementor-top-section elementor-element elementor-element-fa5311f elementor-section-boxed elementor-section-height-default elementor-section-height-default\" data-id=\"fa5311f\" data-element_type=\"section\">\n\t\t\t\t\t\t<div class=\"elementor-container elementor-column-gap-default\">\n\t\t\t\t\t<div class=\"elementor-column elementor-col-100 elementor-top-column elementor-element elementor-element-b7abea2\" data-id=\"b7abea2\" data-element_type=\"column\">\n\t\t\t<div class=\"elementor-widget-wrap elementor-element-populated\">\n\t\t\t\t\t\t<div class=\"elementor-element elementor-element-5590ce4 elementor-widget elementor-widget-heading\" data-id=\"5590ce4\" data-element_type=\"widget\" data-widget_type=\"heading.default\">\n\t\t\t\t<div class=\"elementor-widget-container\">\n\t\t\t\t\t<h2 class=\"elementor-heading-title elementor-size-default\">OBJETIVOS DE CALIDAD<\/h2>\t\t\t\t<\/div>\n\t\t\t\t<\/div>\n\t\t\t\t<div class=\"elementor-element elementor-element-bbbabaa elementor-widget elementor-widget-heading\" data-id=\"bbbabaa\" data-element_type=\"widget\" data-widget_type=\"heading.default\">\n\t\t\t\t<div class=\"elementor-widget-container\">\n\t\t\t\t\t<h3 class=\"elementor-heading-title elementor-size-default\">Satisfacer las necesidades y expectativas de nuestros clientes<div>\nOfrecer programas que se ajusten con la normatividad vigente y est\u00e9n acordes con las preferencias del p\u00fablico objetivo.<\/div><div>\nContar con una planta docente calificada y competente, orientada hacia la b\u00fasqueda permanente de la excelencia.<\/div><div>\nDesarrollar programas de bienestar que propicien el desarrollo integral de las personas y de los grupos que conforman la comunidad institucional.<\/div><div>\nParticipar activamente en la formulaci\u00f3n de soluciones a las necesidades del sector productivo y de la comunidad.<\/div><div>\nOptimizar la utilizaci\u00f3n de los recursos institucionales manteniendo una estructura acad\u00e9mica, administrativa y financiera flexible, auto-sostenible y productiva.<\/div><\/h3>\t\t\t\t<\/div>\n\t\t\t\t<\/div>\n\t\t\t\t\t<\/div>\n\t\t<\/div>\n\t\t\t\t\t<\/div>\n\t\t<\/section>\n\t\t\t\t<\/div>\n\t\t","protected":false},"excerpt":{"rendered":"<p>MISI\u00d3N El Instituto Tri\u00e1ngulo tiene como misi\u00f3n brindar a la sociedad en general una educaci\u00f3n integral de alta calidad para la formaci\u00f3n del trabajo y el desarrollo humano. Donde los j\u00f3venes y adultos desarrollen sus habilidades y destrezas con el uso intensivo de las TIC. VISI\u00d3N El Instituto Triangulo en el a\u00f1o 2030 se proyecta [&hellip;]<\/p>\n","protected":false},"author":2,"featured_media":0,"parent":0,"menu_order":0,"comment_status":"closed","ping_status":"closed","template":"","meta":{"site-sidebar-layout":"no-sidebar","site-content-layout":"page-builder","ast-site-content-layout":"full-width-container","site-content-style":"default","site-sidebar-style":"default","ast-global-header-display":"","ast-banner-title-visibility":"","ast-main-header-display":"","ast-hfb-above-header-display":"","ast-hfb-below-header-display":"","ast-hfb-mobile-header-display":"","site-post-title":"disabled","ast-breadcrumbs-content":"","ast-featured-img":"disabled","footer-sml-layout":"","theme-transparent-header-meta":"","adv-header-id-meta":"","stick-header-meta":"","header-above-stick-meta":"","header-main-stick-meta":"","header-below-stick-meta":"","astra-migrate-meta-layouts":"default","ast-page-background-enabled":"default","ast-page-background-meta":{"desktop":{"background-color":"var(--ast-global-color-4)","background-image":"","background-repeat":"repeat","background-position":"center center","background-size":"auto","background-attachment":"scroll","background-type":"","background-media":"","overlay-type":"","overlay-color":"","overlay-gradient":""},"tablet":{"background-color":"","background-image":"","background-repeat":"repeat","background-position":"center center","background-size":"auto","background-attachment":"scroll","background-type":"","background-media":"","overlay-type":"","overlay-color":"","overlay-gradient":""},"mobile":{"background-color":"","background-image":"","background-repeat":"repeat","background-position":"center center","background-size":"auto","background-attachment":"scroll","background-type":"","background-media":"","overlay-type":"","overlay-color":"","overlay-gradient":""}},"ast-content-background-meta":{"desktop":{"background-color":"var(--ast-global-color-5)","background-image":"","background-repeat":"repeat","background-position":"center center","background-size":"auto","background-attachment":"scroll","background-type":"","background-media":"","overlay-type":"","overlay-color":"","overlay-gradient":""},"tablet":{"background-color":"var(--ast-global-color-5)","background-image":"","background-repeat":"repeat","background-position":"center center","background-size":"auto","background-attachment":"scroll","background-type":"","background-media":"","overlay-type":"","overlay-color":"","overlay-gradient":""},"mobile":{"background-color":"var(--ast-global-color-5)","background-image":"","background-repeat":"repeat","background-position":"center center","background-size":"auto","background-attachment":"scroll","background-type":"","background-media":"","overlay-type":"","overlay-color":"","overlay-gradient":""}},"footnotes":""},"class_list":["post-8010","page","type-page","status-publish","hentry"],"yoast_head":"<!-- This site is optimized with the Yoast SEO plugin v25.1 - https:\/\/yoast.com\/wordpress\/plugins\/seo\/ -->\n<title>Horizonte-Institucional - Instituto Triangulo<\/title>\n<meta name=\"robots\" content=\"index, follow, max-snippet:-1, max-image-preview:large, max-video-preview:-1\" \/>\n<link rel=\"canonical\" href=\"https:\/\/institutotriangulo.edu.co\/website\/horizonte-institucional\/\" \/>\n<meta property=\"og:locale\" content=\"es_ES\" \/>\n<meta property=\"og:type\" content=\"article\" \/>\n<meta property=\"og:title\" content=\"Horizonte-Institucional - Instituto Triangulo\" \/>\n<meta property=\"og:description\" content=\"MISI\u00d3N El Instituto Tri\u00e1ngulo tiene como misi\u00f3n brindar a la sociedad en general una educaci\u00f3n integral de alta calidad para la formaci\u00f3n del trabajo y el desarrollo humano. Donde los j\u00f3venes y adultos desarrollen sus habilidades y destrezas con el uso intensivo de las TIC. VISI\u00d3N El Instituto Triangulo en el a\u00f1o 2030 se proyecta [&hellip;]\" \/>\n<meta property=\"og:url\" content=\"https:\/\/institutotriangulo.edu.co\/website\/horizonte-institucional\/\" \/>\n<meta property=\"og:site_name\" content=\"Instituto Triangulo\" \/>\n<meta property=\"article:modified_time\" content=\"2025-05-16T13:37:57+00:00\" \/>\n<meta name=\"twitter:card\" content=\"summary_large_image\" \/>\n<meta name=\"twitter:label1\" content=\"Tiempo de lectura\" \/>\n\t<meta name=\"twitter:data1\" content=\"2 minutos\" \/>\n<!-- \/ Yoast SEO plugin. -->","yoast_head_json":{"title":"Horizonte-Institucional - Instituto Triangulo","robots":{"index":"index","follow":"follow","max-snippet":"max-snippet:-1","max-image-preview":"max-image-preview:large","max-video-preview":"max-video-preview:-1"},"canonical":"https:\/\/institutotriangulo.edu.co\/website\/horizonte-institucional\/","og_locale":"es_ES","og_type":"article","og_title":"Horizonte-Institucional - Instituto Triangulo","og_description":"MISI\u00d3N El Instituto Tri\u00e1ngulo tiene como misi\u00f3n brindar a la sociedad en general una educaci\u00f3n integral de alta calidad para la formaci\u00f3n del trabajo y el desarrollo humano. Donde los j\u00f3venes y adultos desarrollen sus habilidades y destrezas con el uso intensivo de las TIC. VISI\u00d3N El Instituto Triangulo en el a\u00f1o 2030 se proyecta [&hellip;]","og_url":"https:\/\/institutotriangulo.edu.co\/website\/horizonte-institucional\/","og_site_name":"Instituto Triangulo","article_modified_time":"2025-05-16T13:37:57+00:00","twitter_card":"summary_large_image","twitter_misc":{"Tiempo de lectura":"2 minutos"},"schema":{"@context":"https:\/\/schema.org","@graph":[{"@type":"WebPage","@id":"https:\/\/institutotriangulo.edu.co\/website\/horizonte-institucional\/","url":"https:\/\/institutotriangulo.edu.co\/website\/horizonte-institucional\/","name":"Horizonte-Institucional - Instituto Triangulo","isPartOf":{"@id":"https:\/\/institutotriangulo.edu.co\/website\/#website"},"datePublished":"2025-04-01T20:44:02+00:00","dateModified":"2025-05-16T13:37:57+00:00","breadcrumb":{"@id":"https:\/\/institutotriangulo.edu.co\/website\/horizonte-institucional\/#breadcrumb"},"inLanguage":"es","potentialAction":[{"@type":"ReadAction","target":["https:\/\/institutotriangulo.edu.co\/website\/horizonte-institucional\/"]}]},{"@type":"BreadcrumbList","@id":"https:\/\/institutotriangulo.edu.co\/website\/horizonte-institucional\/#breadcrumb","itemListElement":[{"@type":"ListItem","position":1,"name":"Portada","item":"https:\/\/institutotriangulo.edu.co\/website\/"},{"@type":"ListItem","position":2,"name":"Horizonte-Institucional"}]},{"@type":"WebSite","@id":"https:\/\/institutotriangulo.edu.co\/website\/#website","url":"https:\/\/institutotriangulo.edu.co\/website\/","name":"Instituto Triangulo","description":"La Mejor Instituci\u00f3n Educativa de Colombia","potentialAction":[{"@type":"SearchAction","target":{"@type":"EntryPoint","urlTemplate":"https:\/\/institutotriangulo.edu.co\/website\/?s={search_term_string}"},"query-input":{"@type":"PropertyValueSpecification","valueRequired":true,"valueName":"search_term_string"}}],"inLanguage":"es"}]}},"_links":{"self":[{"href":"https:\/\/institutotriangulo.edu.co\/website\/wp-json\/wp\/v2\/pages\/8010","targetHints":{"allow":["GET"]}}],"collection":[{"href":"https:\/\/institutotriangulo.edu.co\/website\/wp-json\/wp\/v2\/pages"}],"about":[{"href":"https:\/\/institutotriangulo.edu.co\/website\/wp-json\/wp\/v2\/types\/page"}],"author":[{"embeddable":true,"href":"https:\/\/institutotriangulo.edu.co\/website\/wp-json\/wp\/v2\/users\/2"}],"replies":[{"embeddable":true,"href":"https:\/\/institutotriangulo.edu.co\/website\/wp-json\/wp\/v2\/comments?post=8010"}],"version-history":[{"count":0,"href":"https:\/\/institutotriangulo.edu.co\/website\/wp-json\/wp\/v2\/pages\/8010\/revisions"}],"wp:attachment":[{"href":"https:\/\/institutotriangulo.edu.co\/website\/wp-json\/wp\/v2\/media?parent=8010"}],"curies":[{"name":"wp","href":"https:\/\/api.w.org\/{rel}","templated":true}]}}